{"id":78,"date":"2021-08-24T03:11:18","date_gmt":"2021-08-24T10:11:18","guid":{"rendered":"https:\/\/breezepowersportsfinancing.com\/?page_id=78"},"modified":"2024-03-06T15:34:34","modified_gmt":"2024-03-06T23:34:34","slug":"faq","status":"publish","type":"page","link":"https:\/\/breezepowersportsfinancing.com\/fr\/faq\/","title":{"rendered":"FAQ"},"content":{"rendered":"\t\t<div data-elementor-type=\"wp-page\" data-elementor-id=\"78\" class=\"elementor elementor-78\" data-elementor-post-type=\"page\">\n\t\t\t\t\t\t<section class=\"elementor-section elementor-top-section elementor-element elementor-element-0acdb1e elementor-section-height-min-height elementor-section-boxed elementor-section-height-default elementor-section-items-middle\" data-id=\"0acdb1e\" data-element_type=\"section\" data-e-type=\"section\" data-settings=\"{&quot;background_background&quot;:&quot;classic&quot;}\">\n\t\t\t\t\t\t<div class=\"elementor-container elementor-column-gap-default\">\n\t\t\t\t\t<div class=\"elementor-column elementor-col-100 elementor-top-column elementor-element elementor-element-16932c1\" data-id=\"16932c1\" data-element_type=\"column\" data-e-type=\"column\">\n\t\t\t<div class=\"elementor-widget-wrap elementor-element-populated\">\n\t\t\t\t\t\t<div class=\"elementor-element elementor-element-2720687 elementor-widget elementor-widget-heading\" data-id=\"2720687\" data-element_type=\"widget\" data-e-type=\"widget\" data-widget_type=\"heading.default\">\n\t\t\t\t<div class=\"elementor-widget-container\">\n\t\t\t\t\t<h1 class=\"elementor-heading-title elementor-size-default\">Frequently Asked Questions<\/h1>\t\t\t\t<\/div>\n\t\t\t\t<\/div>\n\t\t\t\t\t<\/div>\n\t\t<\/div>\n\t\t\t\t\t<\/div>\n\t\t<\/section>\n\t\t\t\t<section class=\"elementor-section elementor-top-section elementor-element elementor-element-8f87eab elementor-section-boxed elementor-section-height-default elementor-section-height-default\" data-id=\"8f87eab\" data-element_type=\"section\" data-e-type=\"section\" data-settings=\"{&quot;background_background&quot;:&quot;gradient&quot;}\">\n\t\t\t\t\t\t<div class=\"elementor-container elementor-column-gap-default\">\n\t\t\t\t\t<div class=\"elementor-column elementor-col-100 elementor-top-column elementor-element elementor-element-7f58801\" data-id=\"7f58801\" data-element_type=\"column\" data-e-type=\"column\">\n\t\t\t<div class=\"elementor-widget-wrap elementor-element-populated\">\n\t\t\t\t\t\t<div class=\"elementor-element elementor-element-27144b2 elementor-widget elementor-widget-text-editor\" data-id=\"27144b2\" data-element_type=\"widget\" data-e-type=\"widget\" data-widget_type=\"text-editor.default\">\n\t\t\t\t<div class=\"elementor-widget-container\">\n\t\t\t\t\t\t\t\t\t<p>Here are some of the most common questions we encounter at Breeze Powersports Financing. If we don\u2019t answer your question here, please contact us and a member of our team will be happy to help.<\/p>\t\t\t\t\t\t\t\t<\/div>\n\t\t\t\t<\/div>\n\t\t\t\t<div class=\"elementor-element elementor-element-b0ad2f3 acor elementor-widget elementor-widget-accordion\" data-id=\"b0ad2f3\" data-element_type=\"widget\" data-e-type=\"widget\" data-widget_type=\"accordion.default\">\n\t\t\t\t<div class=\"elementor-widget-container\">\n\t\t\t\t\t\t\t<div class=\"elementor-accordion\">\n\t\t\t\t\t\t\t<div class=\"elementor-accordion-item\">\n\t\t\t\t\t<div id=\"elementor-tab-title-1851\" class=\"elementor-tab-title\" data-tab=\"1\" role=\"button\" aria-controls=\"elementor-tab-content-1851\" aria-expanded=\"false\">\n\t\t\t\t\t\t\t\t\t\t\t\t\t<span class=\"elementor-accordion-icon elementor-accordion-icon-right\" aria-hidden=\"true\">\n\t\t\t\t\t\t\t\t\t\t\t\t\t\t\t<span class=\"elementor-accordion-icon-closed\"><i class=\"fas fa-caret-down\"><\/i><\/span>\n\t\t\t\t\t\t\t\t<span class=\"elementor-accordion-icon-opened\"><i class=\"fas fa-caret-up\"><\/i><\/span>\n\t\t\t\t\t\t\t\t\t\t\t\t\t\t<\/span>\n\t\t\t\t\t\t\t\t\t\t\t\t<a class=\"elementor-accordion-title\" tabindex=\"0\">Do you guarantee financing?<\/a>\n\t\t\t\t\t<\/div>\n\t\t\t\t\t<div id=\"elementor-tab-content-1851\" class=\"elementor-tab-content elementor-clearfix\" data-tab=\"1\" role=\"region\" aria-labelledby=\"elementor-tab-title-1851\"><p>While no one can fully guarantee financing, we have a lot of options to choose from. And if for any reason we can\u2019t get you financed, we\u2019ll lend you the money ourselves!<\/p><\/div>\n\t\t\t\t<\/div>\n\t\t\t\t\t\t\t<div class=\"elementor-accordion-item\">\n\t\t\t\t\t<div id=\"elementor-tab-title-1852\" class=\"elementor-tab-title\" data-tab=\"2\" role=\"button\" aria-controls=\"elementor-tab-content-1852\" aria-expanded=\"false\">\n\t\t\t\t\t\t\t\t\t\t\t\t\t<span class=\"elementor-accordion-icon elementor-accordion-icon-right\" aria-hidden=\"true\">\n\t\t\t\t\t\t\t\t\t\t\t\t\t\t\t<span class=\"elementor-accordion-icon-closed\"><i class=\"fas fa-caret-down\"><\/i><\/span>\n\t\t\t\t\t\t\t\t<span class=\"elementor-accordion-icon-opened\"><i class=\"fas fa-caret-up\"><\/i><\/span>\n\t\t\t\t\t\t\t\t\t\t\t\t\t\t<\/span>\n\t\t\t\t\t\t\t\t\t\t\t\t<a class=\"elementor-accordion-title\" tabindex=\"0\">What interest rate are your loans?<\/a>\n\t\t\t\t\t<\/div>\n\t\t\t\t\t<div id=\"elementor-tab-content-1852\" class=\"elementor-tab-content elementor-clearfix\" data-tab=\"2\" role=\"region\" aria-labelledby=\"elementor-tab-title-1852\"><p>We work with various dealerships and lenders to get you the best rate possible so there\u2019s no single established rate. Rest assured, we\u2019ll work hard to get you the best rate possible.<\/p><\/div>\n\t\t\t\t<\/div>\n\t\t\t\t\t\t\t<div class=\"elementor-accordion-item\">\n\t\t\t\t\t<div id=\"elementor-tab-title-1853\" class=\"elementor-tab-title\" data-tab=\"3\" role=\"button\" aria-controls=\"elementor-tab-content-1853\" aria-expanded=\"false\">\n\t\t\t\t\t\t\t\t\t\t\t\t\t<span class=\"elementor-accordion-icon elementor-accordion-icon-right\" aria-hidden=\"true\">\n\t\t\t\t\t\t\t\t\t\t\t\t\t\t\t<span class=\"elementor-accordion-icon-closed\"><i class=\"fas fa-caret-down\"><\/i><\/span>\n\t\t\t\t\t\t\t\t<span class=\"elementor-accordion-icon-opened\"><i class=\"fas fa-caret-up\"><\/i><\/span>\n\t\t\t\t\t\t\t\t\t\t\t\t\t\t<\/span>\n\t\t\t\t\t\t\t\t\t\t\t\t<a class=\"elementor-accordion-title\" tabindex=\"0\">Do you sell the vehicles you finance?<\/a>\n\t\t\t\t\t<\/div>\n\t\t\t\t\t<div id=\"elementor-tab-content-1853\" class=\"elementor-tab-content elementor-clearfix\" data-tab=\"3\" role=\"region\" aria-labelledby=\"elementor-tab-title-1853\"><p>Not directly\u2014we have great relationships with a number of dealerships that can help you get into the powersports or recreational vehicle you want.<\/p><\/div>\n\t\t\t\t<\/div>\n\t\t\t\t\t\t\t<div class=\"elementor-accordion-item\">\n\t\t\t\t\t<div id=\"elementor-tab-title-1854\" class=\"elementor-tab-title\" data-tab=\"4\" role=\"button\" aria-controls=\"elementor-tab-content-1854\" aria-expanded=\"false\">\n\t\t\t\t\t\t\t\t\t\t\t\t\t<span class=\"elementor-accordion-icon elementor-accordion-icon-right\" aria-hidden=\"true\">\n\t\t\t\t\t\t\t\t\t\t\t\t\t\t\t<span class=\"elementor-accordion-icon-closed\"><i class=\"fas fa-caret-down\"><\/i><\/span>\n\t\t\t\t\t\t\t\t<span class=\"elementor-accordion-icon-opened\"><i class=\"fas fa-caret-up\"><\/i><\/span>\n\t\t\t\t\t\t\t\t\t\t\t\t\t\t<\/span>\n\t\t\t\t\t\t\t\t\t\t\t\t<a class=\"elementor-accordion-title\" tabindex=\"0\">Do you finance auto loans?<\/a>\n\t\t\t\t\t<\/div>\n\t\t\t\t\t<div id=\"elementor-tab-content-1854\" class=\"elementor-tab-content elementor-clearfix\" data-tab=\"4\" role=\"region\" aria-labelledby=\"elementor-tab-title-1854\"><p>Unfortunately not\u2014we specialize in subprime lending for powersports and recreational vehicles only.<\/p><\/div>\n\t\t\t\t<\/div>\n\t\t\t\t\t\t\t<div class=\"elementor-accordion-item\">\n\t\t\t\t\t<div id=\"elementor-tab-title-1855\" class=\"elementor-tab-title\" data-tab=\"5\" role=\"button\" aria-controls=\"elementor-tab-content-1855\" aria-expanded=\"false\">\n\t\t\t\t\t\t\t\t\t\t\t\t\t<span class=\"elementor-accordion-icon elementor-accordion-icon-right\" aria-hidden=\"true\">\n\t\t\t\t\t\t\t\t\t\t\t\t\t\t\t<span class=\"elementor-accordion-icon-closed\"><i class=\"fas fa-caret-down\"><\/i><\/span>\n\t\t\t\t\t\t\t\t<span class=\"elementor-accordion-icon-opened\"><i class=\"fas fa-caret-up\"><\/i><\/span>\n\t\t\t\t\t\t\t\t\t\t\t\t\t\t<\/span>\n\t\t\t\t\t\t\t\t\t\t\t\t<a class=\"elementor-accordion-title\" tabindex=\"0\">How long will it take to find out if I\u2019m approved?<\/a>\n\t\t\t\t\t<\/div>\n\t\t\t\t\t<div id=\"elementor-tab-content-1855\" class=\"elementor-tab-content elementor-clearfix\" data-tab=\"5\" role=\"region\" aria-labelledby=\"elementor-tab-title-1855\">Submit a finance application and a member of the Breeze Powersports Financing team will be in touch with you today!<\/div>\n\t\t\t\t<\/div>\n\t\t\t\t\t\t\t\t\t\t<script type=\"application\/ld+json\">{\"@context\":\"https:\\\/\\\/schema.org\",\"@type\":\"FAQPage\",\"mainEntity\":[{\"@type\":\"Question\",\"name\":\"Do you guarantee financing?\",\"acceptedAnswer\":{\"@type\":\"Answer\",\"text\":\"<p>While no one can fully guarantee financing, we have a lot of options to choose from. And if for any reason we can\\u2019t get you financed, we\\u2019ll lend you the money ourselves!<\\\/p>\"}},{\"@type\":\"Question\",\"name\":\"What interest rate are your loans?\",\"acceptedAnswer\":{\"@type\":\"Answer\",\"text\":\"<p>We work with various dealerships and lenders to get you the best rate possible so there\\u2019s no single established rate. Rest assured, we\\u2019ll work hard to get you the best rate possible.<\\\/p>\"}},{\"@type\":\"Question\",\"name\":\"Do you sell the vehicles you finance?\",\"acceptedAnswer\":{\"@type\":\"Answer\",\"text\":\"<p>Not directly\\u2014we have great relationships with a number of dealerships that can help you get into the powersports or recreational vehicle you want.<\\\/p>\"}},{\"@type\":\"Question\",\"name\":\"Do you finance auto loans?\",\"acceptedAnswer\":{\"@type\":\"Answer\",\"text\":\"<p>Unfortunately not\\u2014we specialize in subprime lending for powersports and recreational vehicles only.<\\\/p>\"}},{\"@type\":\"Question\",\"name\":\"How long will it take to find out if I\\u2019m approved?\",\"acceptedAnswer\":{\"@type\":\"Answer\",\"text\":\"Submit a finance application and a member of the Breeze Powersports Financing team will be in touch with you today!\"}}]}<\/script>\n\t\t\t\t\t<\/div>\n\t\t\t\t\t\t<\/div>\n\t\t\t\t<\/div>\n\t\t\t\t\t<\/div>\n\t\t<\/div>\n\t\t\t\t\t<\/div>\n\t\t<\/section>\n\t\t\t\t<\/div>\n\t\t","protected":false},"excerpt":{"rendered":"<p>Frequently Asked Questions Here are some of the most common questions we encounter at Breeze Powersports Financing. If we don\u2019t answer your question here, please contact us and a member of our team will be happy to help. Do you guarantee financing? While no one can fully guarantee financing, we have a lot of options [&hellip;]<\/p>\n","protected":false},"author":2,"featured_media":0,"parent":0,"menu_order":0,"comment_status":"closed","ping_status":"closed","template":"elementor_header_footer","meta":{"footnotes":""},"class_list":["post-78","page","type-page","status-publish","hentry"],"yoast_head":"<!-- This site is optimized with the Yoast SEO plugin v27.4 - https:\/\/yoast.com\/product\/yoast-seo-wordpress\/ -->\n<title>FAQ - Breeze Powersports Financing<\/title>\n<meta name=\"description\" content=\"We answer the most common questions at Breeze regarding powersports financing, interest rates, off-road vehicle loans, and more.\" \/>\n<meta name=\"robots\" content=\"index, follow, max-snippet:-1, max-image-preview:large, max-video-preview:-1\" \/>\n<link rel=\"canonical\" href=\"https:\/\/breezepowersportsfinancing.com\/fr\/wp-json\/wp\/v2\/pages\/78\" \/>\n<meta property=\"og:locale\" content=\"fr_CA\" \/>\n<meta property=\"og:type\" content=\"article\" \/>\n<meta property=\"og:title\" content=\"FAQ - Breeze Powersports Financing\" \/>\n<meta property=\"og:description\" content=\"We answer the most common questions at Breeze regarding powersports financing, interest rates, off-road vehicle loans, and more.\" \/>\n<meta property=\"og:url\" content=\"https:\/\/breezepowersportsfinancing.com\/fr\/faq\/\" \/>\n<meta property=\"og:site_name\" content=\"Breeze Powersports Financing\" \/>\n<meta property=\"article:modified_time\" content=\"2024-03-06T23:34:34+00:00\" \/>\n<meta name=\"twitter:card\" content=\"summary_large_image\" \/>\n<meta name=\"twitter:label1\" content=\"Estimation du temps de lecture\" \/>\n\t<meta name=\"twitter:data1\" content=\"1 minute\" \/>\n<script type=\"application\/ld+json\" class=\"yoast-schema-graph\">{\"@context\":\"https:\\\/\\\/schema.org\",\"@graph\":[{\"@type\":\"WebPage\",\"@id\":\"https:\\\/\\\/breezepowersportsfinancing.com\\\/faq\\\/\",\"url\":\"https:\\\/\\\/breezepowersportsfinancing.com\\\/faq\\\/\",\"name\":\"FAQ - Breeze Powersports Financing\",\"isPartOf\":{\"@id\":\"https:\\\/\\\/breezepowersportsfinancing.com\\\/#website\"},\"datePublished\":\"2021-08-24T10:11:18+00:00\",\"dateModified\":\"2024-03-06T23:34:34+00:00\",\"description\":\"We answer the most common questions at Breeze regarding powersports financing, interest rates, off-road vehicle loans, and more.\",\"breadcrumb\":{\"@id\":\"https:\\\/\\\/breezepowersportsfinancing.com\\\/faq\\\/#breadcrumb\"},\"inLanguage\":\"fr-CA\",\"potentialAction\":[{\"@type\":\"ReadAction\",\"target\":[\"https:\\\/\\\/breezepowersportsfinancing.com\\\/faq\\\/\"]}]},{\"@type\":\"BreadcrumbList\",\"@id\":\"https:\\\/\\\/breezepowersportsfinancing.com\\\/faq\\\/#breadcrumb\",\"itemListElement\":[{\"@type\":\"ListItem\",\"position\":1,\"name\":\"Home\",\"item\":\"https:\\\/\\\/breezepowersportsfinancing.com\\\/\"},{\"@type\":\"ListItem\",\"position\":2,\"name\":\"FAQ\"}]},{\"@type\":\"WebSite\",\"@id\":\"https:\\\/\\\/breezepowersportsfinancing.com\\\/#website\",\"url\":\"https:\\\/\\\/breezepowersportsfinancing.com\\\/\",\"name\":\"Breeze Powersports Financing\",\"description\":\"\",\"publisher\":{\"@id\":\"https:\\\/\\\/breezepowersportsfinancing.com\\\/#organization\"},\"potentialAction\":[{\"@type\":\"SearchAction\",\"target\":{\"@type\":\"EntryPoint\",\"urlTemplate\":\"https:\\\/\\\/breezepowersportsfinancing.com\\\/?s={search_term_string}\"},\"query-input\":{\"@type\":\"PropertyValueSpecification\",\"valueRequired\":true,\"valueName\":\"search_term_string\"}}],\"inLanguage\":\"fr-CA\"},{\"@type\":\"Organization\",\"@id\":\"https:\\\/\\\/breezepowersportsfinancing.com\\\/#organization\",\"name\":\"Breeze Powersports Financing\",\"url\":\"https:\\\/\\\/breezepowersportsfinancing.com\\\/\",\"logo\":{\"@type\":\"ImageObject\",\"inLanguage\":\"fr-CA\",\"@id\":\"https:\\\/\\\/breezepowersportsfinancing.com\\\/#\\\/schema\\\/logo\\\/image\\\/\",\"url\":\"https:\\\/\\\/breezepowersportsfinancing.com\\\/wp-content\\\/uploads\\\/2021\\\/08\\\/Group-3.svg\",\"contentUrl\":\"https:\\\/\\\/breezepowersportsfinancing.com\\\/wp-content\\\/uploads\\\/2021\\\/08\\\/Group-3.svg\",\"width\":280,\"height\":67,\"caption\":\"Breeze Powersports Financing\"},\"image\":{\"@id\":\"https:\\\/\\\/breezepowersportsfinancing.com\\\/#\\\/schema\\\/logo\\\/image\\\/\"}}]}<\/script>\n<!-- \/ Yoast SEO plugin. -->","yoast_head_json":{"title":"FAQ - Solutions Financi\u00e8res Breeze","description":"Chez Breeze, nous r\u00e9pondons aux questions les plus courantes concernant le financement des sports motoris\u00e9s, les taux d&#039;int\u00e9r\u00eat, les pr\u00eats pour v\u00e9hicules tout-terrain, etc.","robots":{"index":"index","follow":"follow","max-snippet":"max-snippet:-1","max-image-preview":"max-image-preview:large","max-video-preview":"max-video-preview:-1"},"canonical":"https:\/\/breezepowersportsfinancing.com\/fr\/wp-json\/wp\/v2\/pages\/78","og_locale":"fr_CA","og_type":"article","og_title":"FAQ - Breeze Powersports Financing","og_description":"We answer the most common questions at Breeze regarding powersports financing, interest rates, off-road vehicle loans, and more.","og_url":"https:\/\/breezepowersportsfinancing.com\/fr\/faq\/","og_site_name":"Breeze Powersports Financing","article_modified_time":"2024-03-06T23:34:34+00:00","twitter_card":"summary_large_image","twitter_misc":{"Estimation du temps de lecture":"1 minute"},"schema":{"@context":"https:\/\/schema.org","@graph":[{"@type":"WebPage","@id":"https:\/\/breezepowersportsfinancing.com\/faq\/","url":"https:\/\/breezepowersportsfinancing.com\/faq\/","name":"FAQ - Solutions Financi\u00e8res Breeze","isPartOf":{"@id":"https:\/\/breezepowersportsfinancing.com\/#website"},"datePublished":"2021-08-24T10:11:18+00:00","dateModified":"2024-03-06T23:34:34+00:00","description":"Chez Breeze, nous r\u00e9pondons aux questions les plus courantes concernant le financement des sports motoris\u00e9s, les taux d&#039;int\u00e9r\u00eat, les pr\u00eats pour v\u00e9hicules tout-terrain, etc.","breadcrumb":{"@id":"https:\/\/breezepowersportsfinancing.com\/faq\/#breadcrumb"},"inLanguage":"fr-CA","potentialAction":[{"@type":"ReadAction","target":["https:\/\/breezepowersportsfinancing.com\/faq\/"]}]},{"@type":"BreadcrumbList","@id":"https:\/\/breezepowersportsfinancing.com\/faq\/#breadcrumb","itemListElement":[{"@type":"ListItem","position":1,"name":"Home","item":"https:\/\/breezepowersportsfinancing.com\/"},{"@type":"ListItem","position":2,"name":"FAQ"}]},{"@type":"WebSite","@id":"https:\/\/breezepowersportsfinancing.com\/#website","url":"https:\/\/breezepowersportsfinancing.com\/","name":"le consentement \u00e9crit","description":"","publisher":{"@id":"https:\/\/breezepowersportsfinancing.com\/#organization"},"potentialAction":[{"@type":"SearchAction","target":{"@type":"EntryPoint","urlTemplate":"https:\/\/breezepowersportsfinancing.com\/?s={search_term_string}"},"query-input":{"@type":"PropertyValueSpecification","valueRequired":true,"valueName":"search_term_string"}}],"inLanguage":"fr-CA"},{"@type":"Organization","@id":"https:\/\/breezepowersportsfinancing.com\/#organization","name":"le consentement \u00e9crit","url":"https:\/\/breezepowersportsfinancing.com\/","logo":{"@type":"ImageObject","inLanguage":"fr-CA","@id":"https:\/\/breezepowersportsfinancing.com\/#\/schema\/logo\/image\/","url":"https:\/\/breezepowersportsfinancing.com\/wp-content\/uploads\/2021\/08\/Group-3.svg","contentUrl":"https:\/\/breezepowersportsfinancing.com\/wp-content\/uploads\/2021\/08\/Group-3.svg","width":280,"height":67,"caption":"Breeze Powersports Financing"},"image":{"@id":"https:\/\/breezepowersportsfinancing.com\/#\/schema\/logo\/image\/"}}]}},"_links":{"self":[{"href":"https:\/\/breezepowersportsfinancing.com\/fr\/wp-json\/wp\/v2\/pages\/78","targetHints":{"allow":["GET"]}}],"collection":[{"href":"https:\/\/breezepowersportsfinancing.com\/fr\/wp-json\/wp\/v2\/pages"}],"about":[{"href":"https:\/\/breezepowersportsfinancing.com\/fr\/wp-json\/wp\/v2\/types\/page"}],"author":[{"embeddable":true,"href":"https:\/\/breezepowersportsfinancing.com\/fr\/wp-json\/wp\/v2\/users\/2"}],"replies":[{"embeddable":true,"href":"https:\/\/breezepowersportsfinancing.com\/fr\/wp-json\/wp\/v2\/comments?post=78"}],"version-history":[{"count":0,"href":"https:\/\/breezepowersportsfinancing.com\/fr\/wp-json\/wp\/v2\/pages\/78\/revisions"}],"wp:attachment":[{"href":"https:\/\/breezepowersportsfinancing.com\/fr\/wp-json\/wp\/v2\/media?parent=78"}],"curies":[{"name":"wp","href":"https:\/\/api.w.org\/{rel}","templated":true}]}}