{"id":74,"date":"2021-08-24T03:10:44","date_gmt":"2021-08-24T10:10:44","guid":{"rendered":"https:\/\/breezepowersportsfinancing.com\/?page_id=74"},"modified":"2022-10-11T13:01:47","modified_gmt":"2022-10-11T20:01:47","slug":"a-propos","status":"publish","type":"page","link":"https:\/\/breezepowersportsfinancing.com\/fr\/about\/","title":{"rendered":"Qui sommes-nous?"},"content":{"rendered":"<div data-elementor-type=\"wp-page\" data-elementor-id=\"74\" class=\"elementor elementor-74\" data-elementor-post-type=\"page\">\n\t\t\t\t\t\t<section class=\"elementor-section elementor-top-section elementor-element elementor-element-e76965d elementor-section-height-min-height elementor-section-boxed elementor-section-height-default elementor-section-items-middle\" data-id=\"e76965d\" data-element_type=\"section\" data-e-type=\"section\" data-settings=\"{&quot;background_background&quot;:&quot;classic&quot;}\">\n\t\t\t\t\t\t<div class=\"elementor-container elementor-column-gap-default\">\n\t\t\t\t\t<div class=\"elementor-column elementor-col-100 elementor-top-column elementor-element elementor-element-0fdc745\" data-id=\"0fdc745\" data-element_type=\"column\" data-e-type=\"column\">\n\t\t\t<div class=\"elementor-widget-wrap elementor-element-populated\">\n\t\t\t\t\t\t<div class=\"elementor-element elementor-element-2326759 elementor-widget elementor-widget-heading\" data-id=\"2326759\" data-element_type=\"widget\" data-e-type=\"widget\" data-widget_type=\"heading.default\">\n\t\t\t\t<div class=\"elementor-widget-container\">\n\t\t\t\t\t<h1 class=\"elementor-heading-title elementor-size-default\">Qui sommes-nous?<\/h1>\t\t\t\t<\/div>\n\t\t\t\t<\/div>\n\t\t\t\t\t<\/div>\n\t\t<\/div>\n\t\t\t\t\t<\/div>\n\t\t<\/section>\n\t\t\t\t<section class=\"elementor-section elementor-top-section elementor-element elementor-element-b173432 elementor-section-content-middle elementor-reverse-mobile elementor-section-boxed elementor-section-height-default elementor-section-height-default\" data-id=\"b173432\" data-element_type=\"section\" data-e-type=\"section\">\n\t\t\t\t\t\t<div class=\"elementor-container elementor-column-gap-default\">\n\t\t\t\t\t<div class=\"elementor-column elementor-col-50 elementor-top-column elementor-element elementor-element-a6b4387\" data-id=\"a6b4387\" data-element_type=\"column\" data-e-type=\"column\">\n\t\t\t<div class=\"elementor-widget-wrap elementor-element-populated\">\n\t\t\t\t\t\t<div class=\"elementor-element elementor-element-3014ebc elementor-widget elementor-widget-heading\" data-id=\"3014ebc\" data-element_type=\"widget\" data-e-type=\"widget\" data-widget_type=\"heading.default\">\n\t\t\t\t<div class=\"elementor-widget-container\">\n\t\t\t\t\t<h2 class=\"elementor-heading-title elementor-size-default\">Qui somme-nous chez Breeze Powersports Financing?<\/h2>\t\t\t\t<\/div>\n\t\t\t\t<\/div>\n\t\t\t\t<div class=\"elementor-element elementor-element-9bad4fb elementor-widget elementor-widget-text-editor\" data-id=\"9bad4fb\" data-element_type=\"widget\" data-e-type=\"widget\" data-widget_type=\"text-editor.default\">\n\t\t\t\t<div class=\"elementor-widget-container\">\n\t\t\t\t\t\t\t\t\t<p>Les gens veulent parfois juste une entreprise en qui ils peuvent avoir confiance et qui peut leur offrir les meilleures options r\u00e9pondant \u00e0 leurs besoins. Chez Breeze Powersports Financing, nous sommes un groupe de professionnelles exp\u00e9riment\u00e9es qui accordent la priorit\u00e9 \u00e0 vos besoins. Nous visons \u00e0 fournir un financement rapide et \nefficace afin de r\u00e9pondre \u00e0 vos besoins en mati\u00e8re de v\u00e9hicules r\u00e9cr\u00e9atifs et de loisirs.<\/p><p>Nous m\u00e9ritons tous de profiter pleinement et nous sommes d\u00e9termin\u00e9s \u00e0 offrir cette opportunit\u00e9 \u00e0 nos clients. En fait, nous y croyons tellement que si pour une raison quelconque nous ne pouvons pas vous trouver  un pr\u00eateur, nous vous financerons nous-m\u00eames et cela vous permettra de vous amuser pleinement, c'est garanti!<\/p>\t\t\t\t\t\t\t\t<\/div>\n\t\t\t\t<\/div>\n\t\t\t\t\t<\/div>\n\t\t<\/div>\n\t\t\t\t<div class=\"elementor-column elementor-col-50 elementor-top-column elementor-element elementor-element-22afd2d\" data-id=\"22afd2d\" data-element_type=\"column\" data-e-type=\"column\">\n\t\t\t<div class=\"elementor-widget-wrap elementor-element-populated\">\n\t\t\t\t\t\t<div class=\"elementor-element elementor-element-67f60d2 elementor-widget elementor-widget-image\" data-id=\"67f60d2\" data-element_type=\"widget\" data-e-type=\"widget\" data-widget_type=\"image.default\">\n\t\t\t\t<div class=\"elementor-widget-container\">\n\t\t\t\t\t\t\t\t\t\t\t\t\t\t\t<img fetchpriority=\"high\" decoding=\"async\" width=\"240\" height=\"254\" src=\"https:\/\/breezepowersportsfinancing.com\/wp-content\/uploads\/2021\/08\/Group-185.svg\" class=\"attachment-large size-large wp-image-936\" alt=\"Groupe 185\" \/>\t\t\t\t\t\t\t\t\t\t\t\t\t\t\t<\/div>\n\t\t\t\t<\/div>\n\t\t\t\t\t<\/div>\n\t\t<\/div>\n\t\t\t\t\t<\/div>\n\t\t<\/section>\n\t\t\t\t<section class=\"elementor-section elementor-top-section elementor-element elementor-element-04a1073 elementor-section-content-middle elementor-section-boxed elementor-section-height-default elementor-section-height-default\" data-id=\"04a1073\" data-element_type=\"section\" data-e-type=\"section\" data-settings=\"{&quot;background_background&quot;:&quot;gradient&quot;}\">\n\t\t\t\t\t\t<div class=\"elementor-container elementor-column-gap-default\">\n\t\t\t\t\t<div class=\"elementor-column elementor-col-50 elementor-top-column elementor-element elementor-element-0a1d80e\" data-id=\"0a1d80e\" data-element_type=\"column\" data-e-type=\"column\">\n\t\t\t<div class=\"elementor-widget-wrap elementor-element-populated\">\n\t\t\t\t\t\t<div class=\"elementor-element elementor-element-dbfaf5a elementor-widget elementor-widget-image\" data-id=\"dbfaf5a\" data-element_type=\"widget\" data-e-type=\"widget\" data-widget_type=\"image.default\">\n\t\t\t\t<div class=\"elementor-widget-container\">\n\t\t\t\t\t\t\t\t\t\t\t\t\t\t\t<img decoding=\"async\" width=\"254\" height=\"251\" src=\"https:\/\/breezepowersportsfinancing.com\/wp-content\/uploads\/2021\/08\/Group-184.svg\" class=\"attachment-large size-large wp-image-935\" alt=\"Groupe 184\" loading=\"lazy\" \/>\t\t\t\t\t\t\t\t\t\t\t\t\t\t\t<\/div>\n\t\t\t\t<\/div>\n\t\t\t\t\t<\/div>\n\t\t<\/div>\n\t\t\t\t<div class=\"elementor-column elementor-col-50 elementor-top-column elementor-element elementor-element-6e07617\" data-id=\"6e07617\" data-element_type=\"column\" data-e-type=\"column\">\n\t\t\t<div class=\"elementor-widget-wrap elementor-element-populated\">\n\t\t\t\t\t\t<div class=\"elementor-element elementor-element-7684089 elementor-widget elementor-widget-heading\" data-id=\"7684089\" data-element_type=\"widget\" data-e-type=\"widget\" data-widget_type=\"heading.default\">\n\t\t\t\t<div class=\"elementor-widget-container\">\n\t\t\t\t\t<h2 class=\"elementor-heading-title elementor-size-default\">Exp\u00e9rience in\u00e9gal\u00e9e<\/h2>\t\t\t\t<\/div>\n\t\t\t\t<\/div>\n\t\t\t\t<div class=\"elementor-element elementor-element-51f9cce elementor-widget elementor-widget-text-editor\" data-id=\"51f9cce\" data-element_type=\"widget\" data-e-type=\"widget\" data-widget_type=\"text-editor.default\">\n\t\t\t\t<div class=\"elementor-widget-container\">\n\t\t\t\t\t\t\t\t\t<p>L'\u00e9quipe de Breeze Powersports Financing a plus de 25 ans d'exp\u00e9rience combin\u00e9e dans le secteur financier, b\u00e2tissant une r\u00e9putation sur la transparence, d'honn\u00eatet\u00e9 et l'int\u00e9grit\u00e9. En travaillant avec des pr\u00eateurs et des concessionnaires \u00e9tablis \u00e0 travers le Canada, Breeze est bien connue pour \u00eatre une entreprise ax\u00e9e afin de trouver des solutions.<\/p>\t\t\t\t\t\t\t\t<\/div>\n\t\t\t\t<\/div>\n\t\t\t\t\t<\/div>\n\t\t<\/div>\n\t\t\t\t\t<\/div>\n\t\t<\/section>\n\t\t\t\t<section class=\"elementor-section elementor-top-section elementor-element elementor-element-0bc1cc9 elementor-section-content-middle elementor-reverse-mobile elementor-section-boxed elementor-section-height-default elementor-section-height-default\" data-id=\"0bc1cc9\" data-element_type=\"section\" data-e-type=\"section\" data-settings=\"{&quot;background_background&quot;:&quot;classic&quot;}\">\n\t\t\t\t\t\t<div class=\"elementor-container elementor-column-gap-default\">\n\t\t\t\t\t<div class=\"elementor-column elementor-col-50 elementor-top-column elementor-element elementor-element-292715e\" data-id=\"292715e\" data-element_type=\"column\" data-e-type=\"column\">\n\t\t\t<div class=\"elementor-widget-wrap elementor-element-populated\">\n\t\t\t\t\t\t<div class=\"elementor-element elementor-element-aea6a71 elementor-widget elementor-widget-heading\" data-id=\"aea6a71\" data-element_type=\"widget\" data-e-type=\"widget\" data-widget_type=\"heading.default\">\n\t\t\t\t<div class=\"elementor-widget-container\">\n\t\t\t\t\t<h2 class=\"elementor-heading-title elementor-size-default\">Il y a toujours une solution<\/h2>\t\t\t\t<\/div>\n\t\t\t\t<\/div>\n\t\t\t\t<div class=\"elementor-element elementor-element-aabea05 elementor-widget elementor-widget-text-editor\" data-id=\"aabea05\" data-element_type=\"widget\" data-e-type=\"widget\" data-widget_type=\"text-editor.default\">\n\t\t\t\t<div class=\"elementor-widget-container\">\n\t\t\t\t\t\t\t\t\t<p>Peu importe votre situation de cr\u00e9dit ou votre historique, nous pensons que tout le monde m\u00e9rite de s'amuser, et nous travaillerons pour vous trouver la meilleure solution, qu'il s'agisse d'une r\u00e9habilitation de cr\u00e9dit, de paiements diff\u00e9r\u00e9s de 6 mois ou des programmes de remise. Nous nous effor\u00e7ons de donner la priorit\u00e9 au client, en offrant des sources de financement centr\u00e9es sur le client afin de constamment trouver la meilleure solution 100% du temps pour 100% de nos clients.<\/p>\t\t\t\t\t\t\t\t<\/div>\n\t\t\t\t<\/div>\n\t\t\t\t\t<\/div>\n\t\t<\/div>\n\t\t\t\t<div class=\"elementor-column elementor-col-50 elementor-top-column elementor-element elementor-element-15b6f62\" data-id=\"15b6f62\" data-element_type=\"column\" data-e-type=\"column\">\n\t\t\t<div class=\"elementor-widget-wrap elementor-element-populated\">\n\t\t\t\t\t\t<div class=\"elementor-element elementor-element-2cd00b2 elementor-widget elementor-widget-image\" data-id=\"2cd00b2\" data-element_type=\"widget\" data-e-type=\"widget\" data-widget_type=\"image.default\">\n\t\t\t\t<div class=\"elementor-widget-container\">\n\t\t\t\t\t\t\t\t\t\t\t\t\t\t\t<img decoding=\"async\" width=\"241\" height=\"234\" src=\"https:\/\/breezepowersportsfinancing.com\/wp-content\/uploads\/2021\/08\/Group-186.svg\" class=\"attachment-large size-large wp-image-937\" alt=\"Groupe 186\" loading=\"lazy\" \/>\t\t\t\t\t\t\t\t\t\t\t\t\t\t\t<\/div>\n\t\t\t\t<\/div>\n\t\t\t\t\t<\/div>\n\t\t<\/div>\n\t\t\t\t\t<\/div>\n\t\t<\/section>\n\t\t\t\t<section class=\"elementor-section elementor-top-section elementor-element elementor-element-6cd2dee elementor-section-height-min-height elementor-section-boxed elementor-section-height-default elementor-section-items-middle\" data-id=\"6cd2dee\" data-element_type=\"section\" data-e-type=\"section\" data-settings=\"{&quot;background_background&quot;:&quot;classic&quot;}\">\n\t\t\t\t\t\t<div class=\"elementor-container elementor-column-gap-default\">\n\t\t\t\t\t<div class=\"elementor-column elementor-col-100 elementor-top-column elementor-element elementor-element-92cee87\" data-id=\"92cee87\" data-element_type=\"column\" data-e-type=\"column\">\n\t\t\t<div class=\"elementor-widget-wrap elementor-element-populated\">\n\t\t\t\t\t\t<div class=\"elementor-element elementor-element-785d11e elementor-widget elementor-widget-heading\" data-id=\"785d11e\" data-element_type=\"widget\" data-e-type=\"widget\" data-widget_type=\"heading.default\">\n\t\t\t\t<div class=\"elementor-widget-container\">\n\t\t\t\t\t<h2 class=\"elementor-heading-title elementor-size-default\">Contactez Breeze Powersports Financing d\u00e8s aujourd&#039;hui <br>\net obtenez un financement rapide\u00a0!<\/h2>\t\t\t\t<\/div>\n\t\t\t\t<\/div>\n\t\t\t\t<div class=\"elementor-element elementor-element-528f668 elementor-align-center elementor-widget elementor-widget-button\" data-id=\"528f668\" data-element_type=\"widget\" data-e-type=\"widget\" data-widget_type=\"button.default\">\n\t\t\t\t<div class=\"elementor-widget-container\">\n\t\t\t\t\t\t\t\t\t<div class=\"elementor-button-wrapper\">\n\t\t\t\t\t<a class=\"elementor-button elementor-button-link elementor-size-sm\" href=\"\/fr\/contact\/\">\n\t\t\t\t\t\t<span class=\"elementor-button-content-wrapper\">\n\t\t\t\t\t\t\t\t\t<span class=\"elementor-button-text\">CONTACTEZ-NOUS<\/span>\n\t\t\t\t\t<\/span>\n\t\t\t\t\t<\/a>\n\t\t\t\t<\/div>\n\t\t\t\t\t\t\t\t<\/div>\n\t\t\t\t<\/div>\n\t\t\t\t\t<\/div>\n\t\t<\/div>\n\t\t\t\t\t<\/div>\n\t\t<\/section>\n\t\t\t\t<\/div>","protected":false},"excerpt":{"rendered":"<p>About About Breeze Powersports Financing Sometimes people just want a company they can trust to provide the best options to suit their needs. That\u2019s us! Breeze Powersports Financing is a group of professional, experienced people who put your best interests first. We aim to provide quick and painless financing to meet all your recreation and [&hellip;]<\/p>\n","protected":false},"author":2,"featured_media":0,"parent":0,"menu_order":0,"comment_status":"closed","ping_status":"closed","template":"elementor_header_footer","meta":{"footnotes":""},"class_list":["post-74","page","type-page","status-publish","hentry"],"yoast_head":"<!-- This site is optimized with the Yoast SEO plugin v27.3 - https:\/\/yoast.com\/product\/yoast-seo-wordpress\/ -->\n<title>About - Breeze Powersports Financing<\/title>\n<meta name=\"description\" content=\"We make financing a breeze with our solutions-driven philosophy. Driven to getting you fast financing for your dream powersports vehicles in Ottawa.\" \/>\n<meta name=\"robots\" content=\"index, follow, max-snippet:-1, max-image-preview:large, max-video-preview:-1\" \/>\n<link rel=\"canonical\" href=\"https:\/\/breezepowersportsfinancing.com\/fr\/wp-json\/wp\/v2\/pages\/74\" \/>\n<meta property=\"og:locale\" content=\"fr_CA\" \/>\n<meta property=\"og:type\" content=\"article\" \/>\n<meta property=\"og:title\" content=\"About - Breeze Powersports Financing\" \/>\n<meta property=\"og:description\" content=\"We make financing a breeze with our solutions-driven philosophy. Driven to getting you fast financing for your dream powersports vehicles in Ottawa.\" \/>\n<meta property=\"og:url\" content=\"https:\/\/breezepowersportsfinancing.com\/fr\/a-propos\/\" \/>\n<meta property=\"og:site_name\" content=\"Breeze Powersports Financing\" \/>\n<meta property=\"article:modified_time\" content=\"2022-10-11T20:01:47+00:00\" \/>\n<meta property=\"og:image\" content=\"https:\/\/breezepowersportsfinancing.com\/wp-content\/uploads\/2021\/08\/Group-185.svg\" \/>\n<meta name=\"twitter:card\" content=\"summary_large_image\" \/>\n<meta name=\"twitter:label1\" content=\"Estimation du temps de lecture\" \/>\n\t<meta name=\"twitter:data1\" content=\"2 minutes\" \/>\n<script type=\"application\/ld+json\" class=\"yoast-schema-graph\">{\"@context\":\"https:\\\/\\\/schema.org\",\"@graph\":[{\"@type\":\"WebPage\",\"@id\":\"https:\\\/\\\/breezepowersportsfinancing.com\\\/about\\\/\",\"url\":\"https:\\\/\\\/breezepowersportsfinancing.com\\\/about\\\/\",\"name\":\"About - Breeze Powersports Financing\",\"isPartOf\":{\"@id\":\"https:\\\/\\\/breezepowersportsfinancing.com\\\/#website\"},\"primaryImageOfPage\":{\"@id\":\"https:\\\/\\\/breezepowersportsfinancing.com\\\/about\\\/#primaryimage\"},\"image\":{\"@id\":\"https:\\\/\\\/breezepowersportsfinancing.com\\\/about\\\/#primaryimage\"},\"thumbnailUrl\":\"https:\\\/\\\/breezepowersportsfinancing.com\\\/wp-content\\\/uploads\\\/2021\\\/08\\\/Group-185.svg\",\"datePublished\":\"2021-08-24T10:10:44+00:00\",\"dateModified\":\"2022-10-11T20:01:47+00:00\",\"description\":\"We make financing a breeze with our solutions-driven philosophy. Driven to getting you fast financing for your dream powersports vehicles in Ottawa.\",\"breadcrumb\":{\"@id\":\"https:\\\/\\\/breezepowersportsfinancing.com\\\/about\\\/#breadcrumb\"},\"inLanguage\":\"fr-CA\",\"potentialAction\":[{\"@type\":\"ReadAction\",\"target\":[\"https:\\\/\\\/breezepowersportsfinancing.com\\\/about\\\/\"]}]},{\"@type\":\"ImageObject\",\"inLanguage\":\"fr-CA\",\"@id\":\"https:\\\/\\\/breezepowersportsfinancing.com\\\/about\\\/#primaryimage\",\"url\":\"https:\\\/\\\/breezepowersportsfinancing.com\\\/wp-content\\\/uploads\\\/2021\\\/08\\\/Group-185.svg\",\"contentUrl\":\"https:\\\/\\\/breezepowersportsfinancing.com\\\/wp-content\\\/uploads\\\/2021\\\/08\\\/Group-185.svg\"},{\"@type\":\"BreadcrumbList\",\"@id\":\"https:\\\/\\\/breezepowersportsfinancing.com\\\/about\\\/#breadcrumb\",\"itemListElement\":[{\"@type\":\"ListItem\",\"position\":1,\"name\":\"Home\",\"item\":\"https:\\\/\\\/breezepowersportsfinancing.com\\\/\"},{\"@type\":\"ListItem\",\"position\":2,\"name\":\"About\"}]},{\"@type\":\"WebSite\",\"@id\":\"https:\\\/\\\/breezepowersportsfinancing.com\\\/#website\",\"url\":\"https:\\\/\\\/breezepowersportsfinancing.com\\\/\",\"name\":\"Breeze Powersports Financing\",\"description\":\"\",\"publisher\":{\"@id\":\"https:\\\/\\\/breezepowersportsfinancing.com\\\/#organization\"},\"potentialAction\":[{\"@type\":\"SearchAction\",\"target\":{\"@type\":\"EntryPoint\",\"urlTemplate\":\"https:\\\/\\\/breezepowersportsfinancing.com\\\/?s={search_term_string}\"},\"query-input\":{\"@type\":\"PropertyValueSpecification\",\"valueRequired\":true,\"valueName\":\"search_term_string\"}}],\"inLanguage\":\"fr-CA\"},{\"@type\":\"Organization\",\"@id\":\"https:\\\/\\\/breezepowersportsfinancing.com\\\/#organization\",\"name\":\"Breeze Powersports Financing\",\"url\":\"https:\\\/\\\/breezepowersportsfinancing.com\\\/\",\"logo\":{\"@type\":\"ImageObject\",\"inLanguage\":\"fr-CA\",\"@id\":\"https:\\\/\\\/breezepowersportsfinancing.com\\\/#\\\/schema\\\/logo\\\/image\\\/\",\"url\":\"https:\\\/\\\/breezepowersportsfinancing.com\\\/wp-content\\\/uploads\\\/2021\\\/08\\\/Group-3.svg\",\"contentUrl\":\"https:\\\/\\\/breezepowersportsfinancing.com\\\/wp-content\\\/uploads\\\/2021\\\/08\\\/Group-3.svg\",\"width\":280,\"height\":67,\"caption\":\"Breeze Powersports Financing\"},\"image\":{\"@id\":\"https:\\\/\\\/breezepowersportsfinancing.com\\\/#\\\/schema\\\/logo\\\/image\\\/\"}}]}<\/script>\n<!-- \/ Yoast SEO plugin. -->","yoast_head_json":{"title":"\u00c0 propos - Breeze Powersports Financing","description":"Nous facilitons le financement gr\u00e2ce \u00e0 notre philosophie ax\u00e9e sur les solutions. D\u00e9termin\u00e9 \u00e0 vous obtenir un financement rapide pour vos v\u00e9hicules de sports motoris\u00e9s de r\u00eave \u00e0 Ottawa.","robots":{"index":"index","follow":"follow","max-snippet":"max-snippet:-1","max-image-preview":"max-image-preview:large","max-video-preview":"max-video-preview:-1"},"canonical":"https:\/\/breezepowersportsfinancing.com\/fr\/wp-json\/wp\/v2\/pages\/74","og_locale":"fr_CA","og_type":"article","og_title":"About - Breeze Powersports Financing","og_description":"We make financing a breeze with our solutions-driven philosophy. Driven to getting you fast financing for your dream powersports vehicles in Ottawa.","og_url":"https:\/\/breezepowersportsfinancing.com\/fr\/a-propos\/","og_site_name":"Breeze Powersports Financing","article_modified_time":"2022-10-11T20:01:47+00:00","og_image":[{"url":"https:\/\/breezepowersportsfinancing.com\/wp-content\/uploads\/2021\/08\/Group-185.svg","type":"","width":"","height":""}],"twitter_card":"summary_large_image","twitter_misc":{"Estimation du temps de lecture":"2 minutes"},"schema":{"@context":"https:\/\/schema.org","@graph":[{"@type":"WebPage","@id":"https:\/\/breezepowersportsfinancing.com\/about\/","url":"https:\/\/breezepowersportsfinancing.com\/about\/","name":"\u00c0 propos - Breeze Powersports Financing","isPartOf":{"@id":"https:\/\/breezepowersportsfinancing.com\/#website"},"primaryImageOfPage":{"@id":"https:\/\/breezepowersportsfinancing.com\/about\/#primaryimage"},"image":{"@id":"https:\/\/breezepowersportsfinancing.com\/about\/#primaryimage"},"thumbnailUrl":"https:\/\/breezepowersportsfinancing.com\/wp-content\/uploads\/2021\/08\/Group-185.svg","datePublished":"2021-08-24T10:10:44+00:00","dateModified":"2022-10-11T20:01:47+00:00","description":"Nous facilitons le financement gr\u00e2ce \u00e0 notre philosophie ax\u00e9e sur les solutions. D\u00e9termin\u00e9 \u00e0 vous obtenir un financement rapide pour vos v\u00e9hicules de sports motoris\u00e9s de r\u00eave \u00e0 Ottawa.","breadcrumb":{"@id":"https:\/\/breezepowersportsfinancing.com\/about\/#breadcrumb"},"inLanguage":"fr-CA","potentialAction":[{"@type":"ReadAction","target":["https:\/\/breezepowersportsfinancing.com\/about\/"]}]},{"@type":"ImageObject","inLanguage":"fr-CA","@id":"https:\/\/breezepowersportsfinancing.com\/about\/#primaryimage","url":"https:\/\/breezepowersportsfinancing.com\/wp-content\/uploads\/2021\/08\/Group-185.svg","contentUrl":"https:\/\/breezepowersportsfinancing.com\/wp-content\/uploads\/2021\/08\/Group-185.svg"},{"@type":"BreadcrumbList","@id":"https:\/\/breezepowersportsfinancing.com\/about\/#breadcrumb","itemListElement":[{"@type":"ListItem","position":1,"name":"Home","item":"https:\/\/breezepowersportsfinancing.com\/"},{"@type":"ListItem","position":2,"name":"About"}]},{"@type":"WebSite","@id":"https:\/\/breezepowersportsfinancing.com\/#website","url":"https:\/\/breezepowersportsfinancing.com\/","name":"le consentement \u00e9crit","description":"","publisher":{"@id":"https:\/\/breezepowersportsfinancing.com\/#organization"},"potentialAction":[{"@type":"SearchAction","target":{"@type":"EntryPoint","urlTemplate":"https:\/\/breezepowersportsfinancing.com\/?s={search_term_string}"},"query-input":{"@type":"PropertyValueSpecification","valueRequired":true,"valueName":"search_term_string"}}],"inLanguage":"fr-CA"},{"@type":"Organization","@id":"https:\/\/breezepowersportsfinancing.com\/#organization","name":"le consentement \u00e9crit","url":"https:\/\/breezepowersportsfinancing.com\/","logo":{"@type":"ImageObject","inLanguage":"fr-CA","@id":"https:\/\/breezepowersportsfinancing.com\/#\/schema\/logo\/image\/","url":"https:\/\/breezepowersportsfinancing.com\/wp-content\/uploads\/2021\/08\/Group-3.svg","contentUrl":"https:\/\/breezepowersportsfinancing.com\/wp-content\/uploads\/2021\/08\/Group-3.svg","width":280,"height":67,"caption":"Breeze Powersports Financing"},"image":{"@id":"https:\/\/breezepowersportsfinancing.com\/#\/schema\/logo\/image\/"}}]}},"_links":{"self":[{"href":"https:\/\/breezepowersportsfinancing.com\/fr\/wp-json\/wp\/v2\/pages\/74","targetHints":{"allow":["GET"]}}],"collection":[{"href":"https:\/\/breezepowersportsfinancing.com\/fr\/wp-json\/wp\/v2\/pages"}],"about":[{"href":"https:\/\/breezepowersportsfinancing.com\/fr\/wp-json\/wp\/v2\/types\/page"}],"author":[{"embeddable":true,"href":"https:\/\/breezepowersportsfinancing.com\/fr\/wp-json\/wp\/v2\/users\/2"}],"replies":[{"embeddable":true,"href":"https:\/\/breezepowersportsfinancing.com\/fr\/wp-json\/wp\/v2\/comments?post=74"}],"version-history":[{"count":0,"href":"https:\/\/breezepowersportsfinancing.com\/fr\/wp-json\/wp\/v2\/pages\/74\/revisions"}],"wp:attachment":[{"href":"https:\/\/breezepowersportsfinancing.com\/fr\/wp-json\/wp\/v2\/media?parent=74"}],"curies":[{"name":"wp","href":"https:\/\/api.w.org\/{rel}","templated":true}]}}