{"id":709,"date":"2021-08-28T01:11:47","date_gmt":"2021-08-28T08:11:47","guid":{"rendered":"https:\/\/breezepowersportsfinancing.com\/?page_id=709"},"modified":"2023-03-19T14:55:47","modified_gmt":"2023-03-19T21:55:47","slug":"conditions-generales","status":"publish","type":"page","link":"https:\/\/breezepowersportsfinancing.com\/fr\/terms-conditions\/","title":{"rendered":"Termes et Conditions"},"content":{"rendered":"<div data-elementor-type=\"wp-page\" data-elementor-id=\"709\" class=\"elementor elementor-709\" data-elementor-post-type=\"page\">\n\t\t\t\t\t\t<section class=\"elementor-section elementor-top-section elementor-element elementor-element-4df4db18 elementor-section-height-min-height elementor-section-boxed elementor-section-height-default elementor-section-items-middle\" data-id=\"4df4db18\" data-element_type=\"section\" data-e-type=\"section\" data-settings=\"{&quot;background_background&quot;:&quot;classic&quot;}\">\n\t\t\t\t\t\t<div class=\"elementor-container elementor-column-gap-default\">\n\t\t\t\t\t<div class=\"elementor-column elementor-col-100 elementor-top-column elementor-element elementor-element-182105f7\" data-id=\"182105f7\" data-element_type=\"column\" data-e-type=\"column\">\n\t\t\t<div class=\"elementor-widget-wrap elementor-element-populated\">\n\t\t\t\t\t\t<div class=\"elementor-element elementor-element-2510dc90 elementor-widget elementor-widget-heading\" data-id=\"2510dc90\" data-element_type=\"widget\" data-e-type=\"widget\" data-widget_type=\"heading.default\">\n\t\t\t\t<div class=\"elementor-widget-container\">\n\t\t\t\t\t<h1 class=\"elementor-heading-title elementor-size-default\">Termes et Conditions<\/h1>\t\t\t\t<\/div>\n\t\t\t\t<\/div>\n\t\t\t\t\t<\/div>\n\t\t<\/div>\n\t\t\t\t\t<\/div>\n\t\t<\/section>\n\t\t\t\t<section class=\"elementor-section elementor-top-section elementor-element elementor-element-9e50acc elementor-section-boxed elementor-section-height-default elementor-section-height-default\" data-id=\"9e50acc\" data-element_type=\"section\" data-e-type=\"section\">\n\t\t\t\t\t\t<div class=\"elementor-container elementor-column-gap-default\">\n\t\t\t\t\t<div class=\"elementor-column elementor-col-100 elementor-top-column elementor-element elementor-element-ff55d58\" data-id=\"ff55d58\" data-element_type=\"column\" data-e-type=\"column\">\n\t\t\t<div class=\"elementor-widget-wrap elementor-element-populated\">\n\t\t\t\t\t\t<div class=\"elementor-element elementor-element-93d8cde elementor-widget elementor-widget-text-editor\" data-id=\"93d8cde\" data-element_type=\"widget\" data-e-type=\"widget\" data-widget_type=\"text-editor.default\">\n\t\t\t\t<div class=\"elementor-widget-container\">\n\t\t\t\t\t\t\t\t\t<h3>Conditions d&#039;utilisation du site Web<\/h3><p>Breeze Powersports Financing Inc (ci-apr\u00e8s d\u00e9nomm\u00e9e \u00ab\u00a0Breeze Powersports Financing\u00a0\u00bb) vous souhaite la bienvenue sur son site Web (le \u00ab\u00a0Site\u00a0\u00bb)\u00a0! Ces conditions d&#039;utilisation (&quot;Conditions d&#039;utilisation&quot;) s&#039;appliquent exclusivement \u00e0 votre acc\u00e8s et \u00e0 votre utilisation de ce site, veuillez donc les lire attentivement.<\/p><p><span style=\"color: var( --e-global-color-text ); font-family: var( --e-global-typography-text-font-family ), Sans-serif; font-weight: var( --e-global-typography-text-font-weight ); font-size: 1rem;\">le consentement \u00e9crit<\/span>\u00a0se r\u00e9serve le droit de changer ou de modifier les termes contenus dans les pr\u00e9sentes conditions d'utilisation, \u00e0 tout moment et \u00e0 sa seule discr\u00e9tion, sans notification pr\u00e9alable. Tout changement ou modification entrera en vigueur d\u00e8s la publication des r\u00e9visions sur ce site. Votre utilisation continue de ce site apr\u00e8s la publication de ses changements ou modifications constituera votre acceptation de ces changements ou modifications. Par cons\u00e9quent, vous devriez consulter fr\u00e9quemment les conditions d'utilisation pour comprendre les termes et conditions qui s'appliquent \u00e0 votre utilisation de ce site.<\/p><p>EN ACC\u00c9DANT, NAVIGUANT ET EN UTILISANT CE SITE, VOUS ACCEPTEZ D'\u00caTRE LI\u00c9 PAR CES CONDITIONS D'UTILISATION ET TOUTE MODIFICATION SUBS\u00c9QUENTE. SI VOUS N'ACCEPTEZ PAS CES CONDITIONS D'UTILISATION OU TOUTE MODIFICATION SUBS\u00c9QUENTE, N'Y ACC\u00c9DEZ PAS, NE NAVIGUEZ ET N'UTILISEZ PAS CE SITE.<\/p><p>\u00a0<\/p><h3>Marque de commerce, avis de droit d&#039;auteur et utilisation autoris\u00e9e du site Web<\/h3><p>Ce site contient de nombreuses marques de commerce de valeur d\u00e9tenues et utilis\u00e9es par\u00a0<span style=\"color: var( --e-global-color-text ); font-family: var( --e-global-typography-text-font-family ), Sans-serif; font-weight: var( --e-global-typography-text-font-weight ); font-size: 1rem;\">le consentement \u00e9crit<\/span><span style=\"color: var( --e-global-color-text ); font-family: var( --e-global-typography-text-font-family ), Sans-serif; font-weight: var( --e-global-typography-text-font-weight ); font-size: 1rem;\">. Ces marques de commerce et la propri\u00e9t\u00e9 exclusive connexe ne peuvent \u00eatre copi\u00e9es, distribu\u00e9es ou affich\u00e9es, reproduites ou transmises sous quelque forme ou par quelque moyen que ce soit, \u00e9lectronique, m\u00e9canique, photocopie, enregistrement ou autre, sauf disposition expresse dans les pr\u00e9sentes conditions d&#039;utilisation ou avec l&#039;autorisation \u00e9crite pr\u00e9alable de Breeze Powersports Financing<\/span><span style=\"color: var( --e-global-color-text ); font-family: var( --e-global-typography-text-font-family ), Sans-serif; font-weight: var( --e-global-typography-text-font-weight ); font-size: 1rem;\">.<\/span><\/p><p>Mat\u00e9riel prot\u00e9g\u00e9 par le droit d&#039;auteur et prot\u00e9g\u00e9 par le droit d&#039;auteur sur ce site, y compris, sans s&#039;y limiter,\u00a0<span style=\"color: var( --e-global-color-text ); font-family: var( --e-global-typography-text-font-family ), Sans-serif; font-weight: var( --e-global-typography-text-font-weight ); font-size: 1rem;\">le consentement \u00e9crit<\/span><span style=\"color: var( --e-global-color-text ); font-family: var( --e-global-typography-text-font-family ), Sans-serif; font-weight: var( --e-global-typography-text-font-weight ); font-size: 1rem;\">\u00a0les logos, le design, les textes, les graphiques, les images, les documents et les fichiers, ainsi que la s\u00e9lection et l&#039;agencement de ceux-ci, sont la propri\u00e9t\u00e9 de\u00a0<\/span>le consentement \u00e9crit<span style=\"color: var( --e-global-color-text ); font-family: var( --e-global-typography-text-font-family ), Sans-serif; font-weight: var( --e-global-typography-text-font-weight ); font-size: 1rem;\">, y compris tous les droits de propri\u00e9t\u00e9 intellectuelle y compris le droit d&#039;auteur.<\/span><\/p><p>\u00a0<\/p><h3>Tous les droits sont r\u00e9serv\u00e9s<\/h3><p>Vous \u00eates autoris\u00e9 \u00e0 acc\u00e9der, utiliser et visualiser ce site, ainsi qu'\u00e0 copier et imprimer les documents publi\u00e9s par Breeze Powersports Financing sur ce site, pour votre usage personnel et interne uniquement. En contrepartie de cette autorisation, vous acceptez que toute copie de ces documents conserve tous les avis de marque, de droit d'auteur et de propri\u00e9t\u00e9 qu'ils contiennent.<\/p><p>Sauf comme indiqu\u00e9 ci-dessus, aucune partie de ce site ne peut \u00eatre reproduite, stock\u00e9e dans un syst\u00e8me de r\u00e9cup\u00e9ration ou transmise sous quelque forme ou par quelque moyen que ce soit, qu&#039;il soit \u00e9lectronique, m\u00e9canique, imprim\u00e9, photocopi\u00e9, enregistr\u00e9 ou autre.<\/p><p class=\"translation-block\">Vous ne pouvez pas utiliser, encadrer ou utiliser des techniques de cadrage pour joindre une marque, un logo ou d'autres informations exclusives de Breeze Powersports Financing (y compris les images trouv\u00e9es sur ce site, le contenu de tout texte ou la mise en page \/ conception de toute page ou formulaire contenu sur une page) sans le consentement \u00e9crit de Breeze Powersports Financing. De plus, vous ne pouvez pas utiliser de balises m\u00e9ta ou tout autre \u00ab texte cach\u00e9 \u00bb utilisant le nom, la marque ou le nom du produit de Breeze Powersports Financing sans le consentement \u00e9crit de Breeze Powersports Financing.<\/p><p><span style=\"color: var( --e-global-color-text ); font-family: var( --e-global-typography-text-font-family ), Sans-serif; font-weight: var( --e-global-typography-text-font-weight ); font-size: 1rem;\">le consentement \u00e9crit<\/span>\u00a0se r\u00e9serve le droit, sans pr\u00e9avis et \u00e0 sa seule discr\u00e9tion, de r\u00e9silier votre autorisation ou licence d&#039;utilisation de ce site, et de bloquer ou d&#039;emp\u00eacher l&#039;acc\u00e8s futur \u00e0 et l&#039;utilisation de ce site. Sans limiter ce qui pr\u00e9c\u00e8de, toute utilisation non autoris\u00e9e de ce site mettra automatiquement fin \u00e0 l&#039;autorisation ou \u00e0 la licence accord\u00e9e par les pr\u00e9sentes conditions d&#039;utilisation et peut enfreindre la loi applicable, y compris, sans s&#039;y limiter, les lois sur le droit d&#039;auteur et les lois sur les marques.<\/p><p>\u00a0<\/p><h3>Avis de non-responsabilit\u00e9<\/h3><p><span style=\"color: var( --e-global-color-text ); font-family: var( --e-global-typography-text-font-family ), Sans-serif; font-weight: var( --e-global-typography-text-font-weight ); font-size: 1rem;\">le consentement \u00e9crit<\/span>\u00a0s&#039;efforce d&#039;assurer l&#039;exactitude et la fiabilit\u00e9 des informations contenues dans ce Site. Cependant, Breeze Powersports Financing ne fait aucune repr\u00e9sentation, garantie ou condition concernant les informations contenues dans ce site. CE SITE ET LES INFORMATIONS ET DOCUMENTS QU&#039;IL CONTIENT SONT FOURNIS &quot;EN L&#039;\u00c9TAT&quot; SANS D\u00c9CLARATION, GARANTIE OU CONDITION D&#039;AUCUNE SORTE, EXPRESSE OU IMPLICITE OU L\u00c9GALE, Y COMPRIS, SANS S&#039;Y LIMITER, LES GARANTIES OU CONDITIONS IMPLICITES DE QUALIT\u00c9 MARCHANDE, DE DURABILIT\u00c9, AD\u00c9QUATION \u00c0 UN USAGE PARTICULIER, TITRE ET ABSENCE DE CONTREFA\u00c7ON. Breeze Powersports Financing NE REPR\u00c9SENTE NI NE GARANTIT QUE LES INFORMATIONS CONTENUES SUR CE SITE SONT EXACTES, COMPL\u00c8TES, FIABLES, \u00c0 JOUR OU SANS ERREUR. Breeze Powersports Financing N&#039;EST PAS RESPONSABLE DES ERREURS OU OMISSIONS RELATIVES AUX INFORMATIONS SUR CE SITE. BIEN QUE Breeze Powersports Financing ESSAYE DE S&#039;ASSURER QUE VOTRE ACC\u00c8S ET UTILISATION DE CE SITE SONT S\u00c9CURIS\u00c9S, Breeze Powersports Financing NE PEUT PAS D\u00c9CLARER OU GARANTIR QUE CE SITE OU SES SERVEURS SONT EXEMPTS DE VIRUS OU D&#039;AUTRES COMPOSANTS NUISIBLES. Breeze Powersports Financing NE GARANTIT PAS QUE CE SITE FONCTIONNERA EN CONTINU OU SANS ERREUR.<\/p><p><span style=\"color: var( --e-global-color-text ); font-family: var( --e-global-typography-text-font-family ), Sans-serif; font-weight: var( --e-global-typography-text-font-weight ); font-size: 1rem;\">le consentement \u00e9crit<\/span>\u00a0peut de temps \u00e0 autre r\u00e9viser les informations, services, produits, prix et ressources contenus ou r\u00e9f\u00e9renc\u00e9s sur ce site, et se r\u00e9serve le droit d&#039;apporter de telles modifications sans aucune obligation d&#039;en informer les visiteurs pass\u00e9s, actuels ou potentiels.<\/p><p>EN AUCUN CAS Breeze Powersports Financing NE POURRA \u00caTRE TENU RESPONSABLE DE TOUTE PERTE OU DE TOUT DOMMAGE, Y COMPRIS, SANS S'Y LIMITER (i) LES DOMMAGES DIRECTS, (ii) LES DOMMAGES INDIRECTS, SP\u00c9CIAUX OU CONS\u00c9CUTIFS OU LES DOMMAGES POUR ATTEINTE \u00c0 L'ENTREPRISE, LA PERTE D'INFORMATIONS OU DE PROGRAMMES OU DE DONN\u00c9ES, LA PERTE DE PROFIT, PERTE D'\u00c9CONOMIES, PERTE DE REVENUS ET (iii) DOMMAGES PUNITIFS, EXEMPLAIRES OU AGGRAV\u00c9S, SURGISSANT DE OU EN RELATION AVEC L'UTILISATION OU L'ACC\u00c8S \u00c0, OU L'INCAPACIT\u00c9 D'UTILISER OU D'ACC\u00c9DER \u00c0 CE SITE, \u00c0 TOUTE INFORMATION QU'IL FOURNIT OU TOUT SITE WEB LI\u00c9 D'UN TIERS, M\u00caME SI Breeze Powersports Financing A \u00c9T\u00c9 INFORM\u00c9 DE LA POSSIBILIT\u00c9 DE TELS DOMMAGES OU PERTES.<\/p><p>Dans tous les cas, vous acceptez que la responsabilit\u00e9 globale maximale de Breeze Powersports Financing pour les dommages surgissant ou li\u00e9s aux pr\u00e9sentes conditions d'utilisation soit limit\u00e9e \u00e0 $10.<\/p><p>Les limitations de responsabilit\u00e9 et les clauses de non-responsabilit\u00e9 contenues dans les pr\u00e9sentes conditions d&#039;utilisation s&#039;appliquent quelle que soit la forme d&#039;action, que ce soit pour rupture ou r\u00e9pudiation de contrat, garantie, responsabilit\u00e9 stricte, n\u00e9gligence ou autre d\u00e9lit, ou toute autre th\u00e9orie l\u00e9gale ou \u00e9quitable, et survivront \u00e0 une violation ou des violations fondamentales, ou l&#039;\u00e9chec de l&#039;objet essentiel du contrat.<\/p><p>\u00a0<\/p><h3>Liens vers des sites tiers<\/h3><p>Ce site peut contenir des liens vers des sites non g\u00e9r\u00e9s ou li\u00e9s \u00e0 Breeze Powersports Financing. Ces liens sont fournis pour la commodit\u00e9 des utilisateurs et ne sont pas parrain\u00e9s par ou affili\u00e9s \u00e0 ce site ou \u00e0 Breeze Powersports Financing. Breeze Powersports Financing ne fait aucune repr\u00e9sentation, garantie ou condition concernant ces liens ou les sites li\u00e9s \u00e0 ce site. De plus, Breeze Powersports Financing n'approuve pas implicitement les sites tiers li\u00e9s \u00e0 ce site. Si vous acc\u00e9dez \u00e0 des sites Web tiers, vous le faites \u00e0 vos propres risques et il est de votre responsabilit\u00e9, et non la responsabilit\u00e9 de Breeze Powersports Financing, de prendre toutes les mesures de protection appropri\u00e9es avant de cr\u00e9er un lien vers ces sites Web tiers, y compris, sans s'y limiter, de vous prot\u00e9ger contre les virus et d'autres \u00e9l\u00e9ments destructeurs. Breeze Powersports Financing n'est pas responsable du contenu de toutes les pages li\u00e9es \u00e0 ce site ou de toute autre page qui n'est pas sous son contr\u00f4le.<\/p><p>\u00a0<\/p><h3>Soumissions<\/h3><p>Vous acceptez que tout mat\u00e9riel, y compris, mais sans s&#039;y limiter, les questions, commentaires, suggestions, documents, id\u00e9es, plans, notes, dessins, documents originaux ou cr\u00e9atifs ou autres informations, fourni par vous sous forme de courrier \u00e9lectronique ou de soumissions \u00e0 Breeze Powersports Financing Les solutions via ce site, ou les publications sur ce site, ne sont pas confidentielles (sous r\u00e9serve de la politique de confidentialit\u00e9 de Breeze Powersports Financing) et deviendront la propri\u00e9t\u00e9 exclusive de Breeze Powersports Financing. Breeze Powersports Financing d\u00e9tiendra les droits exclusifs, y compris tous les droits de propri\u00e9t\u00e9 intellectuelle, et aura le droit d&#039;utiliser sans restriction ces documents \u00e0 toutes fins (sous r\u00e9serve de la politique de confidentialit\u00e9 de Breeze Powersports Financing), commerciales ou autres, sans reconnaissance ni compensation de votre part. La soumission de tout mat\u00e9riel \u00e0 Breeze Powersports Financing renonce irr\u00e9vocablement \u00e0 tous les \u00ab droits moraux \u00bb sur ce mat\u00e9riel, y compris les droits d&#039;int\u00e9grit\u00e9 et d&#039;\u00eatre reconnu comme l&#039;auteur.<\/p><p>\u00a0<\/p><h3>Divers<\/h3><p>Les pr\u00e9sentes conditions d&#039;utilisation sont r\u00e9gies par les lois de la province de la Colombie-Britannique et les lois du Canada qui s&#039;y appliquent, \u00e0 l&#039;exclusion de toute r\u00e8gle de conflit de lois qui s&#039;appliquerait \u00e0 un autre corps de droit. Ces conditions d&#039;utilisation constituent et contiennent l&#039;int\u00e9gralit\u00e9 de l&#039;accord entre vous et Breeze Powersports Financing en ce qui concerne son objet et remplacent tout accord oral ou \u00e9crit ant\u00e9rieur. Si une disposition de cette politique est jug\u00e9e ill\u00e9gale ou inapplicable, cette disposition sera limit\u00e9e ou \u00e9limin\u00e9e dans la mesure minimale n\u00e9cessaire pour que cette politique reste par ailleurs pleinement en vigueur et ex\u00e9cutoire.<\/p>\t\t\t\t\t\t\t\t<\/div>\n\t\t\t\t<\/div>\n\t\t\t\t\t<\/div>\n\t\t<\/div>\n\t\t\t\t\t<\/div>\n\t\t<\/section>\n\t\t\t\t<\/div>","protected":false},"excerpt":{"rendered":"<p>Website Terms Of Use Breeze Powersports Financing Inc (herein referred to as \u201cBreeze Powersports Financing\u201d) welcomes you to its website (the \u201cSite\u201d)! These terms of use (\u201cTerms of Use\u201d) apply exclusively to your access to, and use of, this Site so please read them carefully. Breeze Powersports Financing\u00a0reserves the right to change or modify any [&hellip;]<\/p>\n","protected":false},"author":2,"featured_media":0,"parent":0,"menu_order":0,"comment_status":"closed","ping_status":"closed","template":"","meta":{"footnotes":""},"class_list":["post-709","page","type-page","status-publish","hentry"],"yoast_head":"<!-- This site is optimized with the Yoast SEO plugin v27.6 - https:\/\/yoast.com\/product\/yoast-seo-wordpress\/ -->\n<title>Terms &amp; Conditions - Breeze Powersports Financing<\/title>\n<meta name=\"description\" content=\"Here\u2019s our terms and conditions. If you have any questions about the fine print or powersports financing in Ottawa, give us a shout!\" \/>\n<meta name=\"robots\" content=\"index, follow, max-snippet:-1, max-image-preview:large, max-video-preview:-1\" \/>\n<link rel=\"canonical\" href=\"https:\/\/breezepowersportsfinancing.com\/fr\/wp-json\/wp\/v2\/pages\/709\" \/>\n<meta property=\"og:locale\" content=\"fr_CA\" \/>\n<meta property=\"og:type\" content=\"article\" \/>\n<meta property=\"og:title\" content=\"Terms &amp; Conditions - Breeze Powersports Financing\" \/>\n<meta property=\"og:description\" content=\"Here\u2019s our terms and conditions. If you have any questions about the fine print or powersports financing in Ottawa, give us a shout!\" \/>\n<meta property=\"og:url\" content=\"https:\/\/breezepowersportsfinancing.com\/fr\/conditions-generales\/\" \/>\n<meta property=\"og:site_name\" content=\"Breeze Powersports Financing\" \/>\n<meta property=\"article:modified_time\" content=\"2023-03-19T21:55:47+00:00\" \/>\n<meta name=\"twitter:card\" content=\"summary_large_image\" \/>\n<meta name=\"twitter:label1\" content=\"Estimation du temps de lecture\" \/>\n\t<meta name=\"twitter:data1\" content=\"6 minutes\" \/>\n<script type=\"application\/ld+json\" class=\"yoast-schema-graph\">{\"@context\":\"https:\\\/\\\/schema.org\",\"@graph\":[{\"@type\":\"WebPage\",\"@id\":\"https:\\\/\\\/breezepowersportsfinancing.com\\\/terms-conditions\\\/\",\"url\":\"https:\\\/\\\/breezepowersportsfinancing.com\\\/terms-conditions\\\/\",\"name\":\"Terms & Conditions - Breeze Powersports Financing\",\"isPartOf\":{\"@id\":\"https:\\\/\\\/breezepowersportsfinancing.com\\\/#website\"},\"datePublished\":\"2021-08-28T08:11:47+00:00\",\"dateModified\":\"2023-03-19T21:55:47+00:00\",\"description\":\"Here\u2019s our terms and conditions. If you have any questions about the fine print or powersports financing in Ottawa, give us a shout!\",\"breadcrumb\":{\"@id\":\"https:\\\/\\\/breezepowersportsfinancing.com\\\/terms-conditions\\\/#breadcrumb\"},\"inLanguage\":\"fr-CA\",\"potentialAction\":[{\"@type\":\"ReadAction\",\"target\":[\"https:\\\/\\\/breezepowersportsfinancing.com\\\/terms-conditions\\\/\"]}]},{\"@type\":\"BreadcrumbList\",\"@id\":\"https:\\\/\\\/breezepowersportsfinancing.com\\\/terms-conditions\\\/#breadcrumb\",\"itemListElement\":[{\"@type\":\"ListItem\",\"position\":1,\"name\":\"Home\",\"item\":\"https:\\\/\\\/breezepowersportsfinancing.com\\\/\"},{\"@type\":\"ListItem\",\"position\":2,\"name\":\"Terms &#038; Conditions\"}]},{\"@type\":\"WebSite\",\"@id\":\"https:\\\/\\\/breezepowersportsfinancing.com\\\/#website\",\"url\":\"https:\\\/\\\/breezepowersportsfinancing.com\\\/\",\"name\":\"Breeze Powersports Financing\",\"description\":\"\",\"publisher\":{\"@id\":\"https:\\\/\\\/breezepowersportsfinancing.com\\\/#organization\"},\"potentialAction\":[{\"@type\":\"SearchAction\",\"target\":{\"@type\":\"EntryPoint\",\"urlTemplate\":\"https:\\\/\\\/breezepowersportsfinancing.com\\\/?s={search_term_string}\"},\"query-input\":{\"@type\":\"PropertyValueSpecification\",\"valueRequired\":true,\"valueName\":\"search_term_string\"}}],\"inLanguage\":\"fr-CA\"},{\"@type\":\"Organization\",\"@id\":\"https:\\\/\\\/breezepowersportsfinancing.com\\\/#organization\",\"name\":\"Breeze Powersports Financing\",\"url\":\"https:\\\/\\\/breezepowersportsfinancing.com\\\/\",\"logo\":{\"@type\":\"ImageObject\",\"inLanguage\":\"fr-CA\",\"@id\":\"https:\\\/\\\/breezepowersportsfinancing.com\\\/#\\\/schema\\\/logo\\\/image\\\/\",\"url\":\"https:\\\/\\\/breezepowersportsfinancing.com\\\/wp-content\\\/uploads\\\/2021\\\/08\\\/Group-3.svg\",\"contentUrl\":\"https:\\\/\\\/breezepowersportsfinancing.com\\\/wp-content\\\/uploads\\\/2021\\\/08\\\/Group-3.svg\",\"width\":280,\"height\":67,\"caption\":\"Breeze Powersports Financing\"},\"image\":{\"@id\":\"https:\\\/\\\/breezepowersportsfinancing.com\\\/#\\\/schema\\\/logo\\\/image\\\/\"}}]}<\/script>\n<!-- \/ Yoast SEO plugin. -->","yoast_head_json":{"title":"Termes et conditions - Breeze Powersports Financing","description":"Voici nos termes et conditions. Si vous avez des questions sur les petits caract\u00e8res ou le financement des sports motoris\u00e9s \u00e0 Ottawa, n&#039;h\u00e9sitez pas \u00e0 nous contacter\u00a0!","robots":{"index":"index","follow":"follow","max-snippet":"max-snippet:-1","max-image-preview":"max-image-preview:large","max-video-preview":"max-video-preview:-1"},"canonical":"https:\/\/breezepowersportsfinancing.com\/fr\/wp-json\/wp\/v2\/pages\/709","og_locale":"fr_CA","og_type":"article","og_title":"Terms & Conditions - Breeze Powersports Financing","og_description":"Here\u2019s our terms and conditions. If you have any questions about the fine print or powersports financing in Ottawa, give us a shout!","og_url":"https:\/\/breezepowersportsfinancing.com\/fr\/conditions-generales\/","og_site_name":"Breeze Powersports Financing","article_modified_time":"2023-03-19T21:55:47+00:00","twitter_card":"summary_large_image","twitter_misc":{"Estimation du temps de lecture":"6 minutes"},"schema":{"@context":"https:\/\/schema.org","@graph":[{"@type":"WebPage","@id":"https:\/\/breezepowersportsfinancing.com\/terms-conditions\/","url":"https:\/\/breezepowersportsfinancing.com\/terms-conditions\/","name":"Termes et conditions - Breeze Powersports Financing","isPartOf":{"@id":"https:\/\/breezepowersportsfinancing.com\/#website"},"datePublished":"2021-08-28T08:11:47+00:00","dateModified":"2023-03-19T21:55:47+00:00","description":"Voici nos termes et conditions. Si vous avez des questions sur les petits caract\u00e8res ou le financement des sports motoris\u00e9s \u00e0 Ottawa, n&#039;h\u00e9sitez pas \u00e0 nous contacter\u00a0!","breadcrumb":{"@id":"https:\/\/breezepowersportsfinancing.com\/terms-conditions\/#breadcrumb"},"inLanguage":"fr-CA","potentialAction":[{"@type":"ReadAction","target":["https:\/\/breezepowersportsfinancing.com\/terms-conditions\/"]}]},{"@type":"BreadcrumbList","@id":"https:\/\/breezepowersportsfinancing.com\/terms-conditions\/#breadcrumb","itemListElement":[{"@type":"ListItem","position":1,"name":"Home","item":"https:\/\/breezepowersportsfinancing.com\/"},{"@type":"ListItem","position":2,"name":"Terms &#038; Conditions"}]},{"@type":"WebSite","@id":"https:\/\/breezepowersportsfinancing.com\/#website","url":"https:\/\/breezepowersportsfinancing.com\/","name":"le consentement \u00e9crit","description":"","publisher":{"@id":"https:\/\/breezepowersportsfinancing.com\/#organization"},"potentialAction":[{"@type":"SearchAction","target":{"@type":"EntryPoint","urlTemplate":"https:\/\/breezepowersportsfinancing.com\/?s={search_term_string}"},"query-input":{"@type":"PropertyValueSpecification","valueRequired":true,"valueName":"search_term_string"}}],"inLanguage":"fr-CA"},{"@type":"Organization","@id":"https:\/\/breezepowersportsfinancing.com\/#organization","name":"le consentement \u00e9crit","url":"https:\/\/breezepowersportsfinancing.com\/","logo":{"@type":"ImageObject","inLanguage":"fr-CA","@id":"https:\/\/breezepowersportsfinancing.com\/#\/schema\/logo\/image\/","url":"https:\/\/breezepowersportsfinancing.com\/wp-content\/uploads\/2021\/08\/Group-3.svg","contentUrl":"https:\/\/breezepowersportsfinancing.com\/wp-content\/uploads\/2021\/08\/Group-3.svg","width":280,"height":67,"caption":"Breeze Powersports Financing"},"image":{"@id":"https:\/\/breezepowersportsfinancing.com\/#\/schema\/logo\/image\/"}}]}},"_links":{"self":[{"href":"https:\/\/breezepowersportsfinancing.com\/fr\/wp-json\/wp\/v2\/pages\/709","targetHints":{"allow":["GET"]}}],"collection":[{"href":"https:\/\/breezepowersportsfinancing.com\/fr\/wp-json\/wp\/v2\/pages"}],"about":[{"href":"https:\/\/breezepowersportsfinancing.com\/fr\/wp-json\/wp\/v2\/types\/page"}],"author":[{"embeddable":true,"href":"https:\/\/breezepowersportsfinancing.com\/fr\/wp-json\/wp\/v2\/users\/2"}],"replies":[{"embeddable":true,"href":"https:\/\/breezepowersportsfinancing.com\/fr\/wp-json\/wp\/v2\/comments?post=709"}],"version-history":[{"count":0,"href":"https:\/\/breezepowersportsfinancing.com\/fr\/wp-json\/wp\/v2\/pages\/709\/revisions"}],"wp:attachment":[{"href":"https:\/\/breezepowersportsfinancing.com\/fr\/wp-json\/wp\/v2\/media?parent=709"}],"curies":[{"name":"wp","href":"https:\/\/api.w.org\/{rel}","templated":true}]}}