{"id":706,"date":"2021-08-28T01:10:59","date_gmt":"2021-08-28T08:10:59","guid":{"rendered":"https:\/\/breezepowersportsfinancing.com\/?page_id=706"},"modified":"2022-03-24T11:37:41","modified_gmt":"2022-03-24T18:37:41","slug":"politique-de-confidentialite","status":"publish","type":"page","link":"https:\/\/breezepowersportsfinancing.com\/fr\/privacy-policy\/","title":{"rendered":"Politique de Confidentialit\u00e9"},"content":{"rendered":"<div data-elementor-type=\"wp-page\" data-elementor-id=\"706\" class=\"elementor elementor-706\" data-elementor-post-type=\"page\">\n\t\t\t\t\t\t<section class=\"elementor-section elementor-top-section elementor-element elementor-element-299f3b40 elementor-section-height-min-height elementor-section-boxed elementor-section-height-default elementor-section-items-middle\" data-id=\"299f3b40\" data-element_type=\"section\" data-e-type=\"section\" data-settings=\"{&quot;background_background&quot;:&quot;classic&quot;}\">\n\t\t\t\t\t\t<div class=\"elementor-container elementor-column-gap-default\">\n\t\t\t\t\t<div class=\"elementor-column elementor-col-100 elementor-top-column elementor-element elementor-element-4b285945\" data-id=\"4b285945\" data-element_type=\"column\" data-e-type=\"column\">\n\t\t\t<div class=\"elementor-widget-wrap elementor-element-populated\">\n\t\t\t\t\t\t<div class=\"elementor-element elementor-element-1aab4333 elementor-widget elementor-widget-heading\" data-id=\"1aab4333\" data-element_type=\"widget\" data-e-type=\"widget\" data-widget_type=\"heading.default\">\n\t\t\t\t<div class=\"elementor-widget-container\">\n\t\t\t\t\t<h1 class=\"elementor-heading-title elementor-size-default\">Politique de Confidentialit\u00e9<\/h1>\t\t\t\t<\/div>\n\t\t\t\t<\/div>\n\t\t\t\t\t<\/div>\n\t\t<\/div>\n\t\t\t\t\t<\/div>\n\t\t<\/section>\n\t\t\t\t<section class=\"elementor-section elementor-top-section elementor-element elementor-element-9cbf167 elementor-section-boxed elementor-section-height-default elementor-section-height-default\" data-id=\"9cbf167\" data-element_type=\"section\" data-e-type=\"section\">\n\t\t\t\t\t\t<div class=\"elementor-container elementor-column-gap-default\">\n\t\t\t\t\t<div class=\"elementor-column elementor-col-100 elementor-top-column elementor-element elementor-element-5a24723\" data-id=\"5a24723\" data-element_type=\"column\" data-e-type=\"column\">\n\t\t\t<div class=\"elementor-widget-wrap elementor-element-populated\">\n\t\t\t\t\t\t<div class=\"elementor-element elementor-element-7f20117 elementor-widget elementor-widget-text-editor\" data-id=\"7f20117\" data-element_type=\"widget\" data-e-type=\"widget\" data-widget_type=\"text-editor.default\">\n\t\t\t\t<div class=\"elementor-widget-container\">\n\t\t\t\t\t\t\t\t\t<p>Breeze Powersports Financing Inc (d\u00e9nomm\u00e9e \u00ab\u00a0Breeze Powersports Financing\u00a0\u00bb) reconna\u00eet l'importance de la confidentialit\u00e9 et la sensibilit\u00e9 de vos informations personnelles (comme d\u00e9finies ci-dessous). Breeze Powersports Financing croit en la protection de votre vie priv\u00e9e. Cette politique d\u00e9crit la fa\u00e7on dont nous g\u00e9rons vos informations personnelles et prot\u00e9geons votre vie priv\u00e9e.<\/p><p>En nous fournissant des informations personnelles, vous acceptez aux termes de cette politique. Cependant, nous nous engageons \u00e0 nous am\u00e9liorer continuellement et appr\u00e9cions votre contribution. Nous appr\u00e9cions vos commentaires et\/ou suggestions afin d'am\u00e9liorer cette politique. Si vous avez des questions, veuillez nous contacter \u00e0 l'adresse e-mail fournie \u00e0 la fin de cette politique.<\/p><p>Cette politique couvre notre traitement des informations personnelles que nous collectons, \u00e0 la fois \u00e0 travers notre site Web et \u00e0 travers les communications ou interactions que nous pouvons avoir avec vous (telles que les e-mails, les conversations t\u00e9l\u00e9phoniques, les rencontres en face \u00e0 face ou la correspondance). Cette politique couvre \u00e9galement notre traitement de toute information partag\u00e9e avec nous par des tiers. \u00c9tant donn\u00e9 que Breeze Powersports Financing revoit r\u00e9guli\u00e8rement toutes ses politiques et proc\u00e9dures, nous pouvons modifier cette politique de temps \u00e0 autre et ces modifications entreront en vigueur \u00e0 compter de la date de r\u00e9vision.<\/p><p>\u00a0<\/p><h3>Signification \"d'Informations personnelles\"<\/h3><p>\u00ab\u00a0Informations personnelles\u00a0\u00bb d\u00e9signe les informations personnellement identifiables, y compris, sans s'y limiter, les noms, les adresses, les informations financi\u00e8res et de cr\u00e9dit, les informations sur la sant\u00e9 et les informations sur les pr\u00e9f\u00e9rences des consommateurs\/partenaires.<\/p><p>\u00a0<\/p><h3>Collection, utilisation et divulgation de renseignements personnels<\/h3><p><span style=\"color: var( --e-global-color-text ); font-family: var( --e-global-typography-text-font-family ), Sans-serif; font-weight: var( --e-global-typography-text-font-weight ); font-size: 1rem;\">le consentement \u00e9crit<\/span>\u00a0ne donne pas et ne donnera pas, ne vendra pas, ne louera pas, ne partagera pas et ne pr\u00eatera pas vos informations personnelles \u00e0 d'autres, sauf avec votre permission pr\u00e9alable, comme indiqu\u00e9 dans cette politique, car cela peut \u00eatre autoris\u00e9 ou requis par la loi, ou dans certains cas si nous engageons un tiers pour nous fournir des services et le tiers est li\u00e9 par des obligations de confidentialit\u00e9. Breeze Powersports Financing prend des mesures raisonnables pour s'assurer que vos informations personnelles sont prot\u00e9g\u00e9es contre la perte, l'acc\u00e8s non autoris\u00e9, la modification ou la divulgation.<\/p><p>Les renseignements personnels seront conserv\u00e9s conform\u00e9ment \u00e0 cette politique uniquement aussi longtemps que n\u00e9cessaire ou pertinent aux fins de la collecte ou tel que requis ou autoris\u00e9 par la loi, apr\u00e8s quoi ils seront d\u00e9truits ou rendus anonymes, sauf si vous consentez davantage \u00e0 sa conservation continue.<\/p><p>Nous vous informerons g\u00e9n\u00e9ralement des objectifs de la collection, de l'utilisation et de la divulgation des informations personnelles au moment de la collecte, \u00e0 moins que l'objectif ne soit \u00e9vident et que vous fournissiez volontairement les informations ou que nous soyons tenus ou autoris\u00e9s par la loi \u00e0 le faire.<\/p><p>Notre site web contient des liens vers d'autres sites, qui ne sont pas gouvern\u00e9s par cette politique. Vous devez lire les politiques de confidentialit\u00e9 individuelles de ces sites web et prendre une d\u00e9cision inform\u00e9e d'utiliser ces sites ou pas en fonction de leurs pratiques de confidentialit\u00e9 et de leurs conditions d'utilisation.<\/p><p>\u00a0<\/p><h3>Divers<\/h3><p>Cette politique est r\u00e9gie par les lois de la province de la Colombie-Britannique et les lois du Canada qui s'y appliquent, \u00e0 l'exclusion de toute r\u00e8gle de conflit de lois qui appliquerait un autre corps de lois. Cette politique constitue et contient l'int\u00e9gralit\u00e9 de l'accord entre vous et Breeze Powersports Financing en ce qui concerne son objet et remplace tout accord oral ou \u00e9crit. Si une disposition de cette politique est jug\u00e9e ill\u00e9gale ou inapplicable, cette disposition sera limit\u00e9e ou \u00e9limin\u00e9e dans la mesure minimale n\u00e9cessaire pour que cette politique reste par ailleurs pleinement en vigueur et ex\u00e9cutoire.<\/p><p>\u00a0<\/p><h3>Contactez-Nous<\/h3><p>Si vous avez d'autres questions concernant la confidentialit\u00e9 des informations que vous fournissez \u00e0 Breeze Powersports Financing, ou si vous souhaitez nous contacter concernant vos informations personnelles que nous avons dans nos dossiers, l'acc\u00e8s ou la mise \u00e0 jour de vos informations personnelles, le retrait de votre consentement \u00e0 notre utilisation de renseignements personnels, ou de refuser de recevoir de la correspondance ou d'autres documents, n'h\u00e9sitez pas \u00e0 nous contacter\u00a0:<\/p><h4>Par t\u00e9l\u00e9phone:<\/h4><p><span class=\"elementor-testimonial__title\">1-844-944-2644<\/span><\/p>\t\t\t\t\t\t\t\t<\/div>\n\t\t\t\t<\/div>\n\t\t\t\t\t<\/div>\n\t\t<\/div>\n\t\t\t\t\t<\/div>\n\t\t<\/section>\n\t\t\t\t<\/div>","protected":false},"excerpt":{"rendered":"<p>Breeze Powersports Financing Inc (herein known as \u201cBreeze Powersports Financing\u201d) recognizes the importance of privacy and the sensitivity of your Personal Information (as defined below). Breeze Powersports Financing\u00a0believes in protecting your privacy. This policy outlines how we manage your Personal Information and safeguard your privacy. By providing Personal Information to us, you agree to the [&hellip;]<\/p>\n","protected":false},"author":2,"featured_media":0,"parent":0,"menu_order":0,"comment_status":"closed","ping_status":"closed","template":"","meta":{"footnotes":""},"class_list":["post-706","page","type-page","status-publish","hentry"],"yoast_head":"<!-- This site is optimized with the Yoast SEO plugin v27.5 - https:\/\/yoast.com\/product\/yoast-seo-wordpress\/ -->\n<title>Privacy Policy - Breeze Powersports Financing<\/title>\n<meta name=\"description\" content=\"At Breeze Powersports Financing, we protect your privacy and if you have any concerns, reach out to us and we\u2019d be happy to help.\" \/>\n<meta name=\"robots\" content=\"index, follow, max-snippet:-1, max-image-preview:large, max-video-preview:-1\" \/>\n<link rel=\"canonical\" href=\"https:\/\/breezepowersportsfinancing.com\/fr\/wp-json\/wp\/v2\/pages\/706\" \/>\n<meta property=\"og:locale\" content=\"fr_CA\" \/>\n<meta property=\"og:type\" content=\"article\" \/>\n<meta property=\"og:title\" content=\"Privacy Policy - Breeze Powersports Financing\" \/>\n<meta property=\"og:description\" content=\"At Breeze Powersports Financing, we protect your privacy and if you have any concerns, reach out to us and we\u2019d be happy to help.\" \/>\n<meta property=\"og:url\" content=\"https:\/\/breezepowersportsfinancing.com\/fr\/politique-de-confidentialite\/\" \/>\n<meta property=\"og:site_name\" content=\"Breeze Powersports Financing\" \/>\n<meta property=\"article:modified_time\" content=\"2022-03-24T18:37:41+00:00\" \/>\n<meta name=\"twitter:card\" content=\"summary_large_image\" \/>\n<meta name=\"twitter:label1\" content=\"Estimation du temps de lecture\" \/>\n\t<meta name=\"twitter:data1\" content=\"3 minutes\" \/>\n<script type=\"application\/ld+json\" class=\"yoast-schema-graph\">{\"@context\":\"https:\\\/\\\/schema.org\",\"@graph\":[{\"@type\":\"WebPage\",\"@id\":\"https:\\\/\\\/breezepowersportsfinancing.com\\\/privacy-policy\\\/\",\"url\":\"https:\\\/\\\/breezepowersportsfinancing.com\\\/privacy-policy\\\/\",\"name\":\"Privacy Policy - Breeze Powersports Financing\",\"isPartOf\":{\"@id\":\"https:\\\/\\\/breezepowersportsfinancing.com\\\/#website\"},\"datePublished\":\"2021-08-28T08:10:59+00:00\",\"dateModified\":\"2022-03-24T18:37:41+00:00\",\"description\":\"At Breeze Powersports Financing, we protect your privacy and if you have any concerns, reach out to us and we\u2019d be happy to help.\",\"breadcrumb\":{\"@id\":\"https:\\\/\\\/breezepowersportsfinancing.com\\\/privacy-policy\\\/#breadcrumb\"},\"inLanguage\":\"fr-CA\",\"potentialAction\":[{\"@type\":\"ReadAction\",\"target\":[\"https:\\\/\\\/breezepowersportsfinancing.com\\\/privacy-policy\\\/\"]}]},{\"@type\":\"BreadcrumbList\",\"@id\":\"https:\\\/\\\/breezepowersportsfinancing.com\\\/privacy-policy\\\/#breadcrumb\",\"itemListElement\":[{\"@type\":\"ListItem\",\"position\":1,\"name\":\"Home\",\"item\":\"https:\\\/\\\/breezepowersportsfinancing.com\\\/\"},{\"@type\":\"ListItem\",\"position\":2,\"name\":\"Privacy Policy\"}]},{\"@type\":\"WebSite\",\"@id\":\"https:\\\/\\\/breezepowersportsfinancing.com\\\/#website\",\"url\":\"https:\\\/\\\/breezepowersportsfinancing.com\\\/\",\"name\":\"Breeze Powersports Financing\",\"description\":\"\",\"publisher\":{\"@id\":\"https:\\\/\\\/breezepowersportsfinancing.com\\\/#organization\"},\"potentialAction\":[{\"@type\":\"SearchAction\",\"target\":{\"@type\":\"EntryPoint\",\"urlTemplate\":\"https:\\\/\\\/breezepowersportsfinancing.com\\\/?s={search_term_string}\"},\"query-input\":{\"@type\":\"PropertyValueSpecification\",\"valueRequired\":true,\"valueName\":\"search_term_string\"}}],\"inLanguage\":\"fr-CA\"},{\"@type\":\"Organization\",\"@id\":\"https:\\\/\\\/breezepowersportsfinancing.com\\\/#organization\",\"name\":\"Breeze Powersports Financing\",\"url\":\"https:\\\/\\\/breezepowersportsfinancing.com\\\/\",\"logo\":{\"@type\":\"ImageObject\",\"inLanguage\":\"fr-CA\",\"@id\":\"https:\\\/\\\/breezepowersportsfinancing.com\\\/#\\\/schema\\\/logo\\\/image\\\/\",\"url\":\"https:\\\/\\\/breezepowersportsfinancing.com\\\/wp-content\\\/uploads\\\/2021\\\/08\\\/Group-3.svg\",\"contentUrl\":\"https:\\\/\\\/breezepowersportsfinancing.com\\\/wp-content\\\/uploads\\\/2021\\\/08\\\/Group-3.svg\",\"width\":280,\"height\":67,\"caption\":\"Breeze Powersports Financing\"},\"image\":{\"@id\":\"https:\\\/\\\/breezepowersportsfinancing.com\\\/#\\\/schema\\\/logo\\\/image\\\/\"}}]}<\/script>\n<!-- \/ Yoast SEO plugin. -->","yoast_head_json":{"title":"Politique de confidentialit\u00e9 - Breeze Powersports Financing","description":"Chez Breeze Powersports Financing, nous prot\u00e9geons votre vie priv\u00e9e et si vous avez des inqui\u00e9tudes, contactez-nous et nous serons heureux de vous aider.","robots":{"index":"index","follow":"follow","max-snippet":"max-snippet:-1","max-image-preview":"max-image-preview:large","max-video-preview":"max-video-preview:-1"},"canonical":"https:\/\/breezepowersportsfinancing.com\/fr\/wp-json\/wp\/v2\/pages\/706","og_locale":"fr_CA","og_type":"article","og_title":"Privacy Policy - Breeze Powersports Financing","og_description":"At Breeze Powersports Financing, we protect your privacy and if you have any concerns, reach out to us and we\u2019d be happy to help.","og_url":"https:\/\/breezepowersportsfinancing.com\/fr\/politique-de-confidentialite\/","og_site_name":"Breeze Powersports Financing","article_modified_time":"2022-03-24T18:37:41+00:00","twitter_card":"summary_large_image","twitter_misc":{"Estimation du temps de lecture":"3 minutes"},"schema":{"@context":"https:\/\/schema.org","@graph":[{"@type":"WebPage","@id":"https:\/\/breezepowersportsfinancing.com\/privacy-policy\/","url":"https:\/\/breezepowersportsfinancing.com\/privacy-policy\/","name":"Politique de confidentialit\u00e9 - Breeze Powersports Financing","isPartOf":{"@id":"https:\/\/breezepowersportsfinancing.com\/#website"},"datePublished":"2021-08-28T08:10:59+00:00","dateModified":"2022-03-24T18:37:41+00:00","description":"Chez Breeze Powersports Financing, nous prot\u00e9geons votre vie priv\u00e9e et si vous avez des inqui\u00e9tudes, contactez-nous et nous serons heureux de vous aider.","breadcrumb":{"@id":"https:\/\/breezepowersportsfinancing.com\/privacy-policy\/#breadcrumb"},"inLanguage":"fr-CA","potentialAction":[{"@type":"ReadAction","target":["https:\/\/breezepowersportsfinancing.com\/privacy-policy\/"]}]},{"@type":"BreadcrumbList","@id":"https:\/\/breezepowersportsfinancing.com\/privacy-policy\/#breadcrumb","itemListElement":[{"@type":"ListItem","position":1,"name":"Home","item":"https:\/\/breezepowersportsfinancing.com\/"},{"@type":"ListItem","position":2,"name":"Privacy Policy"}]},{"@type":"WebSite","@id":"https:\/\/breezepowersportsfinancing.com\/#website","url":"https:\/\/breezepowersportsfinancing.com\/","name":"le consentement \u00e9crit","description":"","publisher":{"@id":"https:\/\/breezepowersportsfinancing.com\/#organization"},"potentialAction":[{"@type":"SearchAction","target":{"@type":"EntryPoint","urlTemplate":"https:\/\/breezepowersportsfinancing.com\/?s={search_term_string}"},"query-input":{"@type":"PropertyValueSpecification","valueRequired":true,"valueName":"search_term_string"}}],"inLanguage":"fr-CA"},{"@type":"Organization","@id":"https:\/\/breezepowersportsfinancing.com\/#organization","name":"le consentement \u00e9crit","url":"https:\/\/breezepowersportsfinancing.com\/","logo":{"@type":"ImageObject","inLanguage":"fr-CA","@id":"https:\/\/breezepowersportsfinancing.com\/#\/schema\/logo\/image\/","url":"https:\/\/breezepowersportsfinancing.com\/wp-content\/uploads\/2021\/08\/Group-3.svg","contentUrl":"https:\/\/breezepowersportsfinancing.com\/wp-content\/uploads\/2021\/08\/Group-3.svg","width":280,"height":67,"caption":"Breeze Powersports Financing"},"image":{"@id":"https:\/\/breezepowersportsfinancing.com\/#\/schema\/logo\/image\/"}}]}},"_links":{"self":[{"href":"https:\/\/breezepowersportsfinancing.com\/fr\/wp-json\/wp\/v2\/pages\/706","targetHints":{"allow":["GET"]}}],"collection":[{"href":"https:\/\/breezepowersportsfinancing.com\/fr\/wp-json\/wp\/v2\/pages"}],"about":[{"href":"https:\/\/breezepowersportsfinancing.com\/fr\/wp-json\/wp\/v2\/types\/page"}],"author":[{"embeddable":true,"href":"https:\/\/breezepowersportsfinancing.com\/fr\/wp-json\/wp\/v2\/users\/2"}],"replies":[{"embeddable":true,"href":"https:\/\/breezepowersportsfinancing.com\/fr\/wp-json\/wp\/v2\/comments?post=706"}],"version-history":[{"count":0,"href":"https:\/\/breezepowersportsfinancing.com\/fr\/wp-json\/wp\/v2\/pages\/706\/revisions"}],"wp:attachment":[{"href":"https:\/\/breezepowersportsfinancing.com\/fr\/wp-json\/wp\/v2\/media?parent=706"}],"curies":[{"name":"wp","href":"https:\/\/api.w.org\/{rel}","templated":true}]}}